{"id":1084,"date":"2021-03-28T16:36:24","date_gmt":"2021-03-28T14:36:24","guid":{"rendered":"https:\/\/austrianoccupationalscience.com\/?page_id=1084"},"modified":"2023-06-07T22:03:35","modified_gmt":"2023-06-07T20:03:35","slug":"beitrittsformular-einzelperson","status":"publish","type":"page","link":"https:\/\/austrianoccupationalscience.com\/en\/beitrittsformular-einzelperson\/","title":{"rendered":"Membership form individual"},"content":{"rendered":"\n<p class=\"wp-block-paragraph\">Um eine Mitgliedschaft als Einzelperson zu erwerben, f\u00fcll bitte das nachfolgende Beitrittsformular aus. Sobald als m\u00f6glich wird dann jemand aus unserem Team mit Dir Kontakt aufnehmen.<\/p>\n\n\n\n<div class=\"wp-block-contact-form-7-contact-form-selector\">\n<div class=\"wpcf7 no-js\" id=\"wpcf7-f3533-o1\" lang=\"de-DE\" dir=\"ltr\" data-wpcf7-id=\"3533\">\n<div class=\"screen-reader-response\"><p role=\"status\" aria-live=\"polite\" aria-atomic=\"true\"><\/p> <ul><\/ul><\/div>\n<form action=\"\/en\/wp-json\/wp\/v2\/pages\/1084#wpcf7-f3533-o1\" method=\"post\" class=\"wpcf7-form init\" aria-label=\"Kontaktformular\" enctype=\"multipart\/form-data\" novalidate=\"novalidate\" data-status=\"init\">\n<fieldset class=\"hidden-fields-container\"><input type=\"hidden\" name=\"_wpcf7\" value=\"3533\" \/><input type=\"hidden\" name=\"_wpcf7_version\" value=\"6.1.5\" \/><input type=\"hidden\" name=\"_wpcf7_locale\" value=\"de_DE\" \/><input type=\"hidden\" name=\"_wpcf7_unit_tag\" value=\"wpcf7-f3533-o1\" \/><input type=\"hidden\" name=\"_wpcf7_container_post\" value=\"0\" \/><input type=\"hidden\" name=\"_wpcf7_posted_data_hash\" value=\"\" \/><input type=\"hidden\" name=\"_wpcf7cf_hidden_group_fields\" value=\"[]\" \/><input type=\"hidden\" name=\"_wpcf7cf_hidden_groups\" value=\"[]\" \/><input type=\"hidden\" name=\"_wpcf7cf_visible_groups\" value=\"[]\" \/><input type=\"hidden\" name=\"_wpcf7cf_repeaters\" value=\"[]\" \/><input type=\"hidden\" name=\"_wpcf7cf_steps\" value=\"{}\" \/><input type=\"hidden\" name=\"_wpcf7cf_options\" value=\"{&quot;form_id&quot;:3533,&quot;conditions&quot;:[{&quot;then_field&quot;:&quot;Bring_Your_Friend&quot;,&quot;and_rules&quot;:[{&quot;if_field&quot;:&quot;Kanal_Aufmerksamkeit&quot;,&quot;operator&quot;:&quot;equals&quot;,&quot;if_value&quot;:&quot;Bring Your Friend&quot;}]},{&quot;then_field&quot;:&quot;Sonstiges&quot;,&quot;and_rules&quot;:[{&quot;if_field&quot;:&quot;Kanal_Aufmerksamkeit&quot;,&quot;operator&quot;:&quot;equals&quot;,&quot;if_value&quot;:&quot;Sonstiges&quot;}]}],&quot;settings&quot;:{&quot;animation&quot;:&quot;yes&quot;,&quot;animation_intime&quot;:200,&quot;animation_outtime&quot;:200,&quot;conditions_ui&quot;:&quot;normal&quot;,&quot;notice_dismissed&quot;:false,&quot;notice_dismissed_rollback-cf7-5.8.6&quot;:true}}\" \/><input type=\"hidden\" name=\"_uacf7_hidden_conditional_fields\" value=\"\" \/>\n<\/fieldset>\n<div class=\"uacf7-form-wrapper-container uacf7-form-3533  \"><label><b>Pers\u00f6nliche Daten:<\/b><label>\n<div class=\"wps-form\">\n    <div class=\"wps-form-row\">\n        <div class=\"wps-form-column\">\n           <label> Titel vorgestellt\n           <span class=\"wpcf7-form-control-wrap\" data-name=\"Titel-vorgestellt\"><input size=\"40\" maxlength=\"400\" class=\"wpcf7-form-control wpcf7-text\" aria-invalid=\"false\" value=\"\" type=\"text\" name=\"Titel-vorgestellt\" \/><\/span> <\/label> \n        <\/div>\n        <div class=\"wps-form-column\">\n           <label> Titel nachgestellt\n           <span class=\"wpcf7-form-control-wrap\" data-name=\"Titel-nachgestellt\"><input size=\"40\" maxlength=\"400\" class=\"wpcf7-form-control wpcf7-text\" aria-invalid=\"false\" value=\"\" type=\"text\" name=\"Titel-nachgestellt\" \/><\/span> <\/label> \n        <\/div>\n    <\/div>\n\n<div class=\"wps-form\">\n    <div class=\"wps-form-row\">\n        <div class=\"wps-form-column\">\n           <label> Nachname*\n           <span class=\"wpcf7-form-control-wrap\" data-name=\"your-name\"><input size=\"40\" maxlength=\"400\" class=\"wpcf7-form-control wpcf7-text wpcf7-validates-as-required\" aria-required=\"true\" aria-invalid=\"false\" value=\"\" type=\"text\" name=\"your-name\" \/><\/span> <\/label> \n        <\/div>\n        <div class=\"wps-form-column\">\n           <label> Vorname* \n           <span class=\"wpcf7-form-control-wrap\" data-name=\"Vorname\"><input size=\"40\" maxlength=\"400\" class=\"wpcf7-form-control wpcf7-text wpcf7-validates-as-required\" aria-required=\"true\" aria-invalid=\"false\" value=\"\" type=\"text\" name=\"Vorname\" \/><\/span> <\/label> \n        <\/div>\n    <\/div>\n\n<div class=\"wps-form\">\n    <div class=\"wps-form-row\">\n        <div class=\"wps-form-column\">\n           <label> Geburtsdatum*\n           <span class=\"wpcf7-form-control-wrap\" data-name=\"Geburtsdatum\"><input size=\"40\" maxlength=\"400\" class=\"wpcf7-form-control wpcf7-text wpcf7-validates-as-required\" aria-required=\"true\" aria-invalid=\"false\" value=\"\" type=\"text\" name=\"Geburtsdatum\" \/><\/span> <\/label> \n        <\/div>\n        <div class=\"wps-form-column\">\n           <label> Staatsb\u00fcrgerschaft* \n           <span class=\"wpcf7-form-control-wrap\" data-name=\"Staatsbuergerschaft\"><input size=\"40\" maxlength=\"400\" class=\"wpcf7-form-control wpcf7-text wpcf7-validates-as-required\" aria-required=\"true\" aria-invalid=\"false\" value=\"\" type=\"text\" name=\"Staatsbuergerschaft\" \/><\/span> <\/label> \n        <\/div>\n    <\/div>\n<p>\n<b>Kontaktdaten:<\/b>\n<div class=\"wps-form\">\n    <div class=\"wps-form-row\">\n        <div class=\"wps-form-column\">\n           <label> Email Adresse*\n           <span class=\"wpcf7-form-control-wrap\" data-name=\"your-email\"><input size=\"40\" maxlength=\"400\" class=\"wpcf7-form-control wpcf7-email wpcf7-validates-as-required wpcf7-text wpcf7-validates-as-email\" aria-required=\"true\" aria-invalid=\"false\" value=\"\" type=\"email\" name=\"your-email\" \/><\/span> <\/label> \n        <\/div>\n        <div class=\"wps-form-column\">\n           <label> Telefonnummer* \n           <span class=\"wpcf7-form-control-wrap\" data-name=\"Telefonnummer\"><input size=\"40\" maxlength=\"400\" class=\"wpcf7-form-control wpcf7-text wpcf7-validates-as-required\" aria-required=\"true\" aria-invalid=\"false\" value=\"\" type=\"text\" name=\"Telefonnummer\" \/><\/span> <\/label> \n        <\/div>\n    <\/div>\n<p>\t\n<b>Rechnungsadresse:<\/b>\n<div class=\"wps-form\">\n    <div class=\"wps-form-row\">\n        <div class=\"wps-form-column\">\n           <label> Stra\u00dfe, Hausnummer*\n           <span class=\"wpcf7-form-control-wrap\" data-name=\"Strasse-Hausnummer\"><input size=\"40\" maxlength=\"400\" class=\"wpcf7-form-control wpcf7-text wpcf7-validates-as-required\" aria-required=\"true\" aria-invalid=\"false\" value=\"\" type=\"text\" name=\"Strasse-Hausnummer\" \/><\/span> <\/label> \n        <\/div>\n<\/div>\n<div class=\"wps-form\">\n    <div class=\"wps-form-row\">\n        <div class=\"wps-form-column\">\n           <label> PLZ*\n           <span class=\"wpcf7-form-control-wrap\" data-name=\"PLZ\"><input size=\"40\" maxlength=\"400\" class=\"wpcf7-form-control wpcf7-text wpcf7-validates-as-required\" aria-required=\"true\" aria-invalid=\"false\" value=\"\" type=\"text\" name=\"PLZ\" \/><\/span> <\/label> \n        <\/div>\n        <div class=\"wps-form-column\">\n           <label> Ort* \n           <span class=\"wpcf7-form-control-wrap\" data-name=\"Ort\"><input size=\"40\" maxlength=\"400\" class=\"wpcf7-form-control wpcf7-text wpcf7-validates-as-required\" aria-required=\"true\" aria-invalid=\"false\" value=\"\" type=\"text\" name=\"Ort\" \/><\/span> <\/label> \n        <\/div>\n    <\/div> <p>\n\n<p>\n<b>Mitgliedschaft:<\/b>\n\n <\/p>\n<div style=\"background-color:whitesmoke\">\n <\/p>\n <\/p>\n <\/p>\n    <class=\"wps-form-row\">\n        <div class=\"wps-form-column\">\n<label>Ich bewerbe mich als:*<\/label>\n<span class=\"wpcf7-form-control-wrap\" data-name=\"Mitgliedschaft\"><span class=\"wpcf7-form-control wpcf7-radio\"><span class=\"wpcf7-list-item first\"><label><input type=\"radio\" name=\"Mitgliedschaft\" value=\"Ordentliches Mitglied: 50\u20ac Jahresbeitrag\" checked=\"checked\" \/><span class=\"wpcf7-list-item-label\">Ordentliches Mitglied: 50\u20ac Jahresbeitrag<\/span><\/label><\/span><span class=\"wpcf7-list-item\"><label><input type=\"radio\" name=\"Mitgliedschaft\" value=\"Studierendes Mitglied: 20\u20ac Jahresbeitrag\" \/><span class=\"wpcf7-list-item-label\">Studierendes Mitglied: 20\u20ac Jahresbeitrag<\/span><\/label><\/span><span class=\"wpcf7-list-item last\"><label><input type=\"radio\" name=\"Mitgliedschaft\" value=\"Pensioniertes Mitglied: 20\u20ac Jahresbeitrag\" \/><span class=\"wpcf7-list-item-label\">Pensioniertes Mitglied: 20\u20ac Jahresbeitrag<\/span><\/label><\/span><\/span><\/span>\n<p>\nBei der Auswahl \u201eStudierendes Mitglied\u201c und \u201ePensioniertes Mitglied\u201c bitten wir darum die zutreffende Datei hier hochzuladen.\n\n<div class=\"wps-form\">\n    <div class=\"wps-form-row\">\n        <div class=\"wps-form-column\">\n           <label> Inskriptionsbest\u00e4tigung\n          <span class=\"wpcf7-form-control-wrap\" data-name=\"Inskriptionsbestaetigung\"><input size=\"40\" class=\"wpcf7-form-control wpcf7-file\" accept=\"audio\/*,video\/*,image\/*\" aria-invalid=\"false\" type=\"file\" name=\"Inskriptionsbestaetigung\" \/><\/span> <\/label>\n        <\/div>\n        <div class=\"wps-form-column\">\n           <label> Voraussichtliches Abschlussjahr\n           <span class=\"wpcf7-form-control-wrap\" data-name=\"Abschlussjahr\"><input size=\"40\" maxlength=\"400\" class=\"wpcf7-form-control wpcf7-text\" aria-invalid=\"false\" value=\"\" type=\"text\" name=\"Abschlussjahr\" \/><\/span> <\/label>\n        <\/div>\n    <\/div>\n\n    <div class=\"wps-form-row\">\n        <div class=\"wps-form-column\">\n<label> Pensionsbescheid\n<span class=\"wpcf7-form-control-wrap\" data-name=\"Pensionsbescheid\"><input size=\"40\" class=\"wpcf7-form-control wpcf7-file\" accept=\"audio\/*,video\/*,image\/*\" aria-invalid=\"false\" type=\"file\" name=\"Pensionsbescheid\" \/><\/span> <\/label>\n <\/div>\n    <\/div>\n<p>\n<u>WICHTIG<\/u>\u2757\nDie Zahlung ist binnen <u>14 Tagen<\/u> nach Rechnungserhalt zu t\u00e4tigen. Die 1. Mahngeb\u00fchr betr\u00e4gt 10\u20ac.\n <\/div>\n    <\/div>\n<div style=\"background-color:white\">\t\n<p>\n<\/p>\n<\/p>\n<b>Wodurch bist Du auf AOS aufmerksam geworden?<\/b>\n<span class=\"wpcf7-form-control-wrap\" data-name=\"Kanal_Aufmerksamkeit\"><select class=\"wpcf7-form-control wpcf7-select\" aria-invalid=\"false\" name=\"Kanal_Aufmerksamkeit\"><option value=\"Social Media\">Social Media<\/option><option value=\"Homepage\">Homepage<\/option><option value=\"Veranstaltung\">Veranstaltung<\/option><option value=\"Bring Your Friend\">Bring Your Friend<\/option><option value=\"Sonstiges\">Sonstiges<\/option><\/select><\/span>\n<p>\n <\/div>\n <\/div>\n<\/p>\n<\/p>\n<\/p>\n<p>\n<\/p>\n<\/p>\n<\/p>\n<p>\n<div class=\"uacf7_conditional Bring_Your_Friend\">\n       <div class=\"wps-form-row\">\n        <div class=\"wps-form-column\">\n        <label> Vor- und Nachnamen des bestehenden Mitglieds\n        <span class=\"wpcf7-form-control-wrap\" data-name=\"VorNachname_Byf\"><input size=\"40\" maxlength=\"400\" class=\"wpcf7-form-control wpcf7-text\" aria-invalid=\"false\" value=\"\" type=\"text\" name=\"VorNachname_Byf\" \/><\/span> <\/label> \n        <\/div>\n  <\/div>\n<\/div>\n <p>\n<p>\n<div class=\"uacf7_conditional Sonstiges\">\n       <div class=\"wps-form-row\">\n        <div class=\"wps-form-column\">\n        <span class=\"wpcf7-form-control-wrap\" data-name=\"Sonstiges\"><input size=\"40\" maxlength=\"400\" class=\"wpcf7-form-control wpcf7-text\" aria-invalid=\"false\" value=\"\" type=\"text\" name=\"Sonstiges\" \/><\/span> <\/label> \n        <\/div>\n  <\/div>\n<\/div>\n <p>\n\n<div style=\"background-color:white\">\n <\/p>\n <\/p>\n <\/p>\n\n<p>\n<label><b>Zustimmungserkl\u00e4rung:*<\/b><\/label>\n<span class=\"wpcf7-form-control-wrap\" data-name=\"acceptance-761\"><span class=\"wpcf7-form-control wpcf7-acceptance\"><span class=\"wpcf7-list-item\"><label><input type=\"checkbox\" name=\"acceptance-761\" value=\"1\" aria-invalid=\"false\" \/><span class=\"wpcf7-list-item-label\">Ich stimme zu, dass meine pers\u00f6nlichen Daten, n\u00e4mlich Vor- und Nachname, Titel, Geburtsdatum und -ort, Anschrift, Telefonnummer und E-Mail-Adresse zum Zweck der Mitgliederverwaltung und zur Aussendung des Jahresberichts  und von weiteren Informationen, wie z.B. Newsletter, \u00fcber die Austrian Association of Occupational Science verarbeitet werden.<\/span><\/label><\/span><\/span><\/span>\n<span class=\"wpcf7-form-control-wrap\" data-name=\"acceptance-982\"><span class=\"wpcf7-form-control wpcf7-acceptance\"><span class=\"wpcf7-list-item\"><label><input type=\"checkbox\" name=\"acceptance-982\" value=\"1\" aria-invalid=\"false\" \/><span class=\"wpcf7-list-item-label\">Ich habe die <a href=\"https:\/\/austrianoccupationalscience.com\/datenschutzerklarung\/\">Datenschutzerkl\u00e4rung<\/a> von AOS gelesen und nehme diese akzeptierend zur Kenntnis.<\/span><\/label><\/span><\/span><\/span>\n\n<label> Anmerkungen\n<span class=\"wpcf7-form-control-wrap\" data-name=\"Anmerkungen\"><textarea cols=\"40\" rows=\"10\" maxlength=\"2000\" class=\"wpcf7-form-control wpcf7-textarea\" aria-invalid=\"false\" name=\"Anmerkungen\"><\/textarea><\/span> <\/label>\n<p>\n<span class=\"wpcf7-form-control-wrap kc_captcha\" data-name=\"kc_captcha\"><span class=\"wpcf7-form-control wpcf7-radio\"><span class=\"captcha-image\" ><span class=\"cf7ic_instructions\">Bitte beweise, dass du kein Spambot bist und w\u00e4hle das Symbol<span> Flagge<\/span>.<\/span><label><input aria-label=\"1\" type=\"radio\" name=\"kc_captcha\" value=\"bot\" \/><svg aria-hidden=\"true\" role=\"img\" xmlns=\"http:\/\/www.w3.org\/2000\/svg\" viewBox=\"0 0 576 512\"><path fill=\"currentColor\" d=\"M488 313v143c0 13-11 24-24 24H348c-7 0-12-5-12-12V356c0-7-5-12-12-12h-72c-7 0-12 5-12 12v112c0 7-5 12-12 12H112c-13 0-24-11-24-24V313c0-4 2-7 4-10l188-154c5-4 11-4 16 0l188 154c2 3 4 6 4 10zm84-61l-84-69V44c0-6-5-12-12-12h-56c-7 0-12 6-12 12v73l-89-74a48 48 0 00-61 0L4 252c-5 4-5 12-1 17l25 31c5 5 12 5 17 1l235-193c5-4 11-4 16 0l235 193c5 5 13 4 17-1l25-31c4-6 4-13-1-17z\"\/><\/svg><\/label><label><input aria-label=\"2\" type=\"radio\" name=\"kc_captcha\" value=\"bot\" \/><svg aria-hidden=\"true\" role=\"img\" xmlns=\"http:\/\/www.w3.org\/2000\/svg\" viewBox=\"0 0 640 512\"><path fill=\"currentColor\" d=\"M192 384h192c53 0 96-43 96-96h32a128 128 0 000-256H120c-13 0-24 11-24 24v232c0 53 43 96 96 96zM512 96a64 64 0 010 128h-32V96h32zm48 384H48c-47 0-61-64-36-64h584c25 0 11 64-36 64z\"\/><\/svg><\/label><label><input aria-label=\"3\" type=\"radio\" name=\"kc_captcha\" value=\"kc_human\" \/><svg aria-hidden=\"true\" role=\"img\" xmlns=\"http:\/\/www.w3.org\/2000\/svg\" viewBox=\"0 0 512 512\"><path fill=\"currentColor\" d=\"M350 99c-54 0-98-35-166-35-25 0-47 4-68 12a56 56 0 004-24C118 24 95 1 66 0a56 56 0 00-34 102v386c0 13 11 24 24 24h16c13 0 24-11 24-24v-94c28-12 64-23 114-23 54 0 98 35 166 35 48 0 86-16 122-41 9-6 14-15 14-26V96c0-23-24-39-45-29-35 16-77 32-117 32z\"\/><\/svg><\/label>\r\n    <\/span>\r\n    <span style=\"display:none\">\r\n        <input type=\"text\" name=\"kc_honeypot\">\r\n    <\/span><\/span><\/span>\n<p>\n<p>\n<input class=\"wpcf7-form-control wpcf7-submit has-spinner\" type=\"submit\" value=\"Absenden\" \/><\/div><p style=\"display: none !important;\" class=\"akismet-fields-container\" data-prefix=\"_wpcf7_ak_\"><label>&#916;<textarea name=\"_wpcf7_ak_hp_textarea\" cols=\"45\" rows=\"8\" maxlength=\"100\"><\/textarea><\/label><input type=\"hidden\" id=\"ak_js_1\" name=\"_wpcf7_ak_js\" value=\"90\"\/><script>document.getElementById( \"ak_js_1\" ).setAttribute( \"value\", ( new Date() ).getTime() );<\/script><\/p><div class=\"wpcf7-response-output\" aria-hidden=\"true\"><\/div>\n<\/form>\n<\/div>\n<\/div>\n","protected":false},"excerpt":{"rendered":"<p>Thank you for your interest in becoming a member of the Austrian Association of Occupational Science. To become a member as an individual or institution, please fill out the membership form.<\/p>","protected":false},"author":188005436,"featured_media":0,"parent":0,"menu_order":0,"comment_status":"closed","ping_status":"closed","template":"","meta":{"_coblocks_attr":"","_coblocks_dimensions":"","_coblocks_responsive_height":"","_coblocks_accordion_ie_support":"","_crdt_document":"","advanced_seo_description":"","jetpack_seo_html_title":"","jetpack_seo_noindex":false,"_EventAllDay":false,"_EventTimezone":"","_EventStartDate":"","_EventEndDate":"","_EventStartDateUTC":"","_EventEndDateUTC":"","_EventShowMap":false,"_EventShowMapLink":false,"_EventURL":"","_EventCost":"","_EventCostDescription":"","_EventCurrencySymbol":"","_EventCurrencyCode":"","_EventCurrencyPosition":"","_EventDateTimeSeparator":"","_EventTimeRangeSeparator":"","_EventOrganizerID":[],"_EventVenueID":[],"_OrganizerEmail":"","_OrganizerPhone":"","_OrganizerWebsite":"","_VenueAddress":"","_VenueCity":"","_VenueCountry":"","_VenueProvince":"","_VenueState":"","_VenueZip":"","_VenuePhone":"","_VenueURL":"","_VenueStateProvince":"","_VenueLat":"","_VenueLng":"","_VenueShowMap":false,"_VenueShowMapLink":false,"footnotes":""},"class_list":["post-1084","page","type-page","status-publish","hentry","entry"],"jetpack_likes_enabled":true,"jetpack_sharing_enabled":true,"jetpack_shortlink":"https:\/\/wp.me\/Pcby3z-hu","jetpack-related-posts":[{"id":1082,"url":"https:\/\/austrianoccupationalscience.com\/en\/beitrittsformular-institution\/","url_meta":{"origin":1084,"position":0},"title":"Membership form institution","author":"Austrian Association of Occupational Science","date":"28. March 2021","format":false,"excerpt":"Thank you for your interest in becoming a member of the Austrian Association of Occupational Science. To become a member as an individual or institution, please fill out the membership form.","rel":"","context":"Similar post","block_context":{"text":"Similar post","link":""},"img":{"alt_text":"","src":"","width":0,"height":0},"classes":[]},{"id":467,"url":"https:\/\/austrianoccupationalscience.com\/en\/mitgliedschaft\/","url_meta":{"origin":1084,"position":1},"title":"Membership","author":"Austrian Association of Occupational Science","date":"31. August 2020","format":false,"excerpt":"Wir freuen uns \u00fcber Dein Interesse an einer Mitgliedschaft bei der Austrian Association of Occupational Science. Bitte f\u00fcll zur Beantragung der Mitgliedschaft als Einzelperson oder Institution das Beitrittsformular aus. Arten der Mitgliedschaft\u00a0 Ordentliche Mitglieder\u00a0 Ordentliche Mitglieder sind\u00a0nat\u00fcrliche\u00a0Personen\u00a0jedweden Geschlechts, welche die\u00a0T\u00e4tigkeit der Gesellschaft vor allem durch ihre aktive Beteiligung an der\u2026","rel":"","context":"Similar post","block_context":{"text":"Similar post","link":""},"img":{"alt_text":"","src":"","width":0,"height":0},"classes":[]},{"id":317,"url":"https:\/\/austrianoccupationalscience.com\/en\/datenschutzerklarung\/","url_meta":{"origin":1084,"position":2},"title":"Data protection declaration","author":"Austrian Association of Occupational Science","date":"28. August 2020","format":false,"excerpt":"Welche Daten verarbeiten wir von Ihnen? Wenn Sie diese Website besuchen, erheben wir Datum, Uhrzeit und IP-Adresse Ihres \u00a0Besuchs. Dar\u00fcber hinaus verarbeiten wir diejenigen Daten, die Sie eigenst\u00e4ndig auf der Website eingeben (zum Beispiel bei der Anmeldung zu unserem Newsletter). Welche Zwecke der Datenverarbeitung verfolgen wir? Wir verarbeiten Ihre personenbezogenen\u2026","rel":"","context":"Similar post","block_context":{"text":"Similar post","link":""},"img":{"alt_text":"","src":"","width":0,"height":0},"classes":[]},{"id":1330,"url":"https:\/\/austrianoccupationalscience.com\/en\/referate\/internationalisierung\/","url_meta":{"origin":1084,"position":3},"title":"AOS-Internationalisierungsreferat","author":"Austrian Association of Occupational Science","date":"10. June 2021","format":false,"excerpt":"Aufgaben des AOS-Internationalisierungsreferats:\u00a0 Das Referat\u00a0\u201cInternationalisierung\u201d von AOS\u00a0nimmt mit anderen Gesellschaften und Personen der Handlungswissenschaft im deutschsprachigen und englischsprachen Ausland Kontakt auf, baut Kooperationen aus und informiert diese \u00fcber Entwicklungen\u00a0sowie\u00a0Veranstaltungen\u00a0in\u00a0Bezug zur Handlungswissenschaft in \u00d6sterreich.\u00a0\u00a0Das Referat arbeitet eng mit dem Pr\u00e4sidium und mit dem Medienreferat zusammen.\u00a0\u00a0 Die\u00a0Ziele des AOS-Internationalisierungsreferats f\u00fcr die Amtsperiode\u00a02023-2025\u2026","rel":"","context":"Similar post","block_context":{"text":"Similar post","link":""},"img":{"alt_text":"","src":"","width":0,"height":0},"classes":[]},{"id":1336,"url":"https:\/\/austrianoccupationalscience.com\/en\/referate\/veranstaltungsreferat\/","url_meta":{"origin":1084,"position":4},"title":"AOS-Event Department","author":"Austrian Association of Occupational Science","date":"10. June 2021","format":false,"excerpt":"Das AOS-Veranstaltungsreferat ist f\u00fcr eine koordinierte Planung und Umsetzung von Veranstaltungen f\u00fcr\u00a0die\u00a0Gesellschaft\u00a0zust\u00e4ndig.\u00a0Dabei dient es als Anlaufstelle\u00a0f\u00fcr\u00a0die Planung, Durchf\u00fchrung und Nachbereitung von Veranstaltungen der Gesellschaft.\u00a0Gemeinsam\u00a0mit den\u00a0organisatorisch verantwortlichen\u00a0Personen verantwortet das AOS-Veranstaltungsreferat\u00a0dadurch\u00a0eine den Bestimmungen entsprechende Planung und Durchf\u00fchrung\u00a0von\u00a0Veranstaltungen.\u00a0\u00a0 Aufgaben\u00a0des AOS-Veranstaltungsreferats:\u00a0\u00a0 Entwicklung eines Veranstaltungsplans f\u00fcr\u00a0AOS\u00a0angelehnt an den Jahreskreislauf\u00a0 Einhaltung von Auflagen und Bestimmungen, die\u2026","rel":"","context":"Similar post","block_context":{"text":"Similar post","link":""},"img":{"alt_text":"","src":"","width":0,"height":0},"classes":[]},{"id":1217,"url":"https:\/\/austrianoccupationalscience.com\/en\/wir-sind-online\/","url_meta":{"origin":1084,"position":5},"title":"Wir sind online!","author":"Austrian Association of Occupational Science","date":"1. June 2021","format":false,"excerpt":"AOS ist nicht nur eine Gesellschaft, die durch direkte, pers\u00f6nliche Kommunikation vernetzen und wachsen m\u00f6chte, sondern auch auf Social Media aktiv sein will. Deshalb nahm sich das Medienreferat dies zur Aufgabe, um national und international eine Onlinepr\u00e4senz zu gew\u00e4hrleisten. Nun sind wir auf den folgenden Plattformen aktiv: Instagram Twitter LinkedIn","rel":"","context":"Similar post","block_context":{"text":"Similar post","link":""},"img":{"alt_text":"","src":"","width":0,"height":0},"classes":[]}],"_links":{"self":[{"href":"https:\/\/austrianoccupationalscience.com\/en\/wp-json\/wp\/v2\/pages\/1084","targetHints":{"allow":["GET"]}}],"collection":[{"href":"https:\/\/austrianoccupationalscience.com\/en\/wp-json\/wp\/v2\/pages"}],"about":[{"href":"https:\/\/austrianoccupationalscience.com\/en\/wp-json\/wp\/v2\/types\/page"}],"author":[{"embeddable":true,"href":"https:\/\/austrianoccupationalscience.com\/en\/wp-json\/wp\/v2\/users\/188005436"}],"replies":[{"embeddable":true,"href":"https:\/\/austrianoccupationalscience.com\/en\/wp-json\/wp\/v2\/comments?post=1084"}],"version-history":[{"count":4,"href":"https:\/\/austrianoccupationalscience.com\/en\/wp-json\/wp\/v2\/pages\/1084\/revisions"}],"predecessor-version":[{"id":3555,"href":"https:\/\/austrianoccupationalscience.com\/en\/wp-json\/wp\/v2\/pages\/1084\/revisions\/3555"}],"wp:attachment":[{"href":"https:\/\/austrianoccupationalscience.com\/en\/wp-json\/wp\/v2\/media?parent=1084"}],"curies":[{"name":"wp","href":"https:\/\/api.w.org\/{rel}","templated":true}]}}