{"id":1094,"date":"2021-03-28T16:36:24","date_gmt":"2021-03-28T14:36:24","guid":{"rendered":"https:\/\/austrianoccupationalscience.com\/?page_id=1094"},"modified":"2023-06-02T08:36:33","modified_gmt":"2023-06-02T06:36:33","slug":"wahlen","status":"publish","type":"page","link":"https:\/\/austrianoccupationalscience.com\/en\/wahlen\/","title":{"rendered":"Elections"},"content":{"rendered":"<p><strong>Results of the election on January 19, 2023 for the second period (2023-2025):<\/strong><\/p>\n<ul>\n<li class=\"translation-block\">President: Prof.in (FH) Mona D\u00fcr, PhD, MSc<\/li>\n<li>Vice President: Julia Unger, MSc, BSc<\/li>\n<li>Secretary: Magdalena Schl\u00f6gl, BSc<\/li>\n<li>Assistant Secretary: Magdalena Nieder, MSc<\/li>\n<li>Treasurer: Karin Lettner-Hauser, MHPE<\/li>\n<li>Assistant Treasurer: Linda Jungwirth, MSc<\/li>\n<li>Media &amp; Public Relations: Victoria Hartmann, BSc<\/li>\n<li>Assistant Media &amp; Public Relations: Vanessa Reip, BSc<\/li>\n<li class=\"translation-block\">Board Member \"Ergotherapie Austria\": Mag.a Katharina Fechner, BSc<\/li>\n<\/ul>\n\n\n<p class=\"wp-block-paragraph\"><strong>Results of the election on January 21, 2021 for the second period (2021-2023):<\/strong><\/p>\n\n\n\n<ul class=\"wp-block-list\">\n<li class=\"translation-block\">President: Prof.in (FH) Mona D\u00fcr, PhD, MSc<\/li>\n\n\n\n<li>Vice President: Julia Unger, MSc, BSc<\/li>\n\n\n\n<li>Secretary: Magdalena Nieder, MSc<\/li>\n\n\n\n<li>Assistant Secretary: Thomas Morgenthaler, MSc, BSc<\/li>\n\n\n\n<li>Treasurer: Karin Lettner-Hauser, MHPE<\/li>\n\n\n\n<li>Assistant Treasurer: Miriam Berger, MSc<\/li>\n\n\n\n<li>Media &amp; Public Relations: Katrin Pechst\u00e4dt, MSc<\/li>\n\n\n\n<li>Assistant Media &amp; Public Relations: Magdalena Schl\u00f6gl, BSc<\/li>\n\n\n\n<li class=\"translation-block\">Board Member \"Ergotherapie Austria\": Mag.a Katharina Fechner, BSc<\/li>\n<\/ul>","protected":false},"excerpt":{"rendered":"<p>Ergebnisse der Wahl vom 19. J\u00e4nner 2023 f\u00fcr die Amtsperiode 2023-2025: Pr\u00e4sidentin: Prof.in (FH) Mona D\u00fcr, PhD, MSc Stv. Pr\u00e4sidentin: Julia Unger, MSc, BSc Schriftf\u00fchrerin: Magdalena Schl\u00f6gl, BSc Stv. Schriftf\u00fchrerin:<a class=\"more-link\" href=\"https:\/\/austrianoccupationalscience.com\/en\/wahlen\/\">Continue reading <span class=\"screen-reader-text\">&#8222;Wahlen&#8220;<\/span><\/a><\/p>","protected":false},"author":188005436,"featured_media":0,"parent":0,"menu_order":0,"comment_status":"closed","ping_status":"closed","template":"","meta":{"_coblocks_attr":"","_coblocks_dimensions":"","_coblocks_responsive_height":"","_coblocks_accordion_ie_support":"","_crdt_document":"","advanced_seo_description":"","jetpack_seo_html_title":"","jetpack_seo_noindex":false,"_EventAllDay":false,"_EventTimezone":"","_EventStartDate":"","_EventEndDate":"","_EventStartDateUTC":"","_EventEndDateUTC":"","_EventShowMap":false,"_EventShowMapLink":false,"_EventURL":"","_EventCost":"","_EventCostDescription":"","_EventCurrencySymbol":"","_EventCurrencyCode":"","_EventCurrencyPosition":"","_EventDateTimeSeparator":"","_EventTimeRangeSeparator":"","_EventOrganizerID":[],"_EventVenueID":[],"_OrganizerEmail":"","_OrganizerPhone":"","_OrganizerWebsite":"","_VenueAddress":"","_VenueCity":"","_VenueCountry":"","_VenueProvince":"","_VenueState":"","_VenueZip":"","_VenuePhone":"","_VenueURL":"","_VenueStateProvince":"","_VenueLat":"","_VenueLng":"","_VenueShowMap":false,"_VenueShowMapLink":false,"footnotes":""},"class_list":["post-1094","page","type-page","status-publish","hentry","entry"],"jetpack_likes_enabled":true,"jetpack_sharing_enabled":true,"jetpack_shortlink":"https:\/\/wp.me\/Pcby3z-hE","jetpack-related-posts":[{"id":2090,"url":"https:\/\/austrianoccupationalscience.com\/en\/vorstand\/","url_meta":{"origin":1094,"position":0},"title":"Board","author":"Austrian Association of Occupational Science","date":"20. January 2022","format":false,"excerpt":"Ursula M. Costa, PhD, MA \ud83d\udce7 Pr\u00e4sidentin Ursula Costa z\u00e4hlt zu den begeisterten Pionier:innen der Handlungswissenschaft in \u00d6sterreich. Sie arbeitet als Professorin in den Bereichen Gesundheits- und Handlungswissenschaft, inkl. Therapie- und Armutsforschung, leitet das Institut f\u00fcr Innovation, Nachhaltigkeit und Transformation im Gesundheits- und Sozialwesen (InnTra) und die Masterstudien in Ergotherapie\u2026","rel":"","context":"Similar post","block_context":{"text":"Similar post","link":""},"img":{"alt_text":"","src":"https:\/\/i0.wp.com\/austrianoccupationalscience.com\/wp-content\/uploads\/2025\/03\/Foto_UC_2024_FHG07706_1-1-2-e1741951762187.jpg?resize=350%2C200&ssl=1","width":350,"height":200,"srcset":"https:\/\/i0.wp.com\/austrianoccupationalscience.com\/wp-content\/uploads\/2025\/03\/Foto_UC_2024_FHG07706_1-1-2-e1741951762187.jpg?resize=350%2C200&ssl=1 1x, https:\/\/i0.wp.com\/austrianoccupationalscience.com\/wp-content\/uploads\/2025\/03\/Foto_UC_2024_FHG07706_1-1-2-e1741951762187.jpg?resize=525%2C300&ssl=1 1.5x, https:\/\/i0.wp.com\/austrianoccupationalscience.com\/wp-content\/uploads\/2025\/03\/Foto_UC_2024_FHG07706_1-1-2-e1741951762187.jpg?resize=700%2C400&ssl=1 2x, https:\/\/i0.wp.com\/austrianoccupationalscience.com\/wp-content\/uploads\/2025\/03\/Foto_UC_2024_FHG07706_1-1-2-e1741951762187.jpg?resize=1050%2C600&ssl=1 3x, https:\/\/i0.wp.com\/austrianoccupationalscience.com\/wp-content\/uploads\/2025\/03\/Foto_UC_2024_FHG07706_1-1-2-e1741951762187.jpg?resize=1400%2C800&ssl=1 4x"},"classes":[]},{"id":1092,"url":"https:\/\/austrianoccupationalscience.com\/en\/unterstuetzende-gruendungsmitglieder\/","url_meta":{"origin":1094,"position":1},"title":"AOS functionaries","author":"Austrian Association of Occupational Science","date":"28. March 2021","format":false,"excerpt":"Barbara Prinz-Buchberger, MSc Barbara Prinz-Buchberger ist Lehrende und Forschende an der IMC Fachhochschule Krems, sowie freiberufliche Ergotherapeutin in der P\u00e4diatrie.Sie ist ein unterst\u00fctzendes Gr\u00fcndungsmitglied und unterst\u00fctzt AOS im Jungforscher:innen-Referat. Andrea Handschuh, MSc. Andrea Handschuh ist im Bereich Qualit\u00e4tsmanagement und Referentin f\u00fcr Ergotherapie beim PSD und als Leitung von einem Forschungsprojekt\u2026","rel":"","context":"Similar post","block_context":{"text":"Similar post","link":""},"img":{"alt_text":"","src":"https:\/\/i0.wp.com\/austrianoccupationalscience.com\/wp-content\/uploads\/2020\/08\/img_1379-1-e1608144848819.jpg?resize=350%2C200&ssl=1","width":350,"height":200},"classes":[]},{"id":5628,"url":"https:\/\/austrianoccupationalscience.com\/en\/publikationen-von-aos-austrian-association-of-occupational-science\/","url_meta":{"origin":1094,"position":2},"title":"Publikationen von AOS &#8211; Austrian Association of Occupational Science","author":"Austrian Association of Occupational Science","date":"25. November 2024","format":false,"excerpt":"AOS \u2013 Austrian Association of Occupational Science publiziert regelm\u00e4\u00dfig in verschiedenen Fachzeitschriften. Als Mitglied von AOS kannst Du alle unserer bisher publizierten Artikel lesen! ergotherapie praxis ergotherapie ergopraxis ergoscience Bist Du Mitglied von AOS und m\u00f6chtest einen Artikel als Volltext? Nutze direkt den Button unter dem Artikel Deiner Wahl, um\u2026","rel":"","context":"Similar post","block_context":{"text":"Similar post","link":""},"img":{"alt_text":"","src":"","width":0,"height":0},"classes":[]},{"id":1324,"url":"https:\/\/austrianoccupationalscience.com\/en\/referate\/medienreferat\/","url_meta":{"origin":1094,"position":3},"title":"AOS Media Department\u00a0","author":"Austrian Association of Occupational Science","date":"10. June 2021","format":false,"excerpt":"Das AOS-Medienreferat erstellt Beitr\u00e4ge zu Occupational Science in Verbindung mit aktuellen Themen und teilt diese auf den diversen Social Media Plattformen (Instagram, Facebook, LinkedIn, Twitter) sowie der AOS Homepage. Durch diese Beitr\u00e4ge wird ein Verst\u00e4ndnis \u00fcber den Zusammenhang zwischen Handlung, Gesundheit und Wohlbefinden geschaffen. Ergotherapeut:innen und Handlungswissenschaftler:innen werden dadurch auf\u2026","rel":"","context":"Similar post","block_context":{"text":"Similar post","link":""},"img":{"alt_text":"","src":"","width":0,"height":0},"classes":[]},{"id":1318,"url":"https:\/\/austrianoccupationalscience.com\/en\/referate\/finanzreferat\/","url_meta":{"origin":1094,"position":4},"title":"AOS Finance Department","author":"Austrian Association of Occupational Science","date":"10. June 2021","format":false,"excerpt":"Der Schwerpunkt des Finanzreferats liegt darin, eine Anlaufstelle f\u00fcr alle finanziellen Angelegenheiten zu sein \u2013 f\u00fcr den Vorstand und die Mitglieder sowie f\u00fcr den gesamten Zahlungsverkehr \u2013 und den finanziellen \u00dcberblick zu behalten. Aufgaben des AOS-Finanzreferats:\u00a0 Erstellung\u00a0eines j\u00e4hrlichen\u00a0Budgetplanes\u00a0von AOS\u00a0f\u00fcr das laufende sowie das kommende Vereinsjahr\u00a0 Kostenkontrolle inklusive Kontrolle des vorhandenen\u2026","rel":"","context":"Similar post","block_context":{"text":"Similar post","link":""},"img":{"alt_text":"","src":"","width":0,"height":0},"classes":[]},{"id":1333,"url":"https:\/\/austrianoccupationalscience.com\/en\/referate\/schriftfuehrung\/","url_meta":{"origin":1094,"position":5},"title":"AOS-Referat &#8222;Schriftf\u00fchrung&#8220;","author":"Austrian Association of Occupational Science","date":"10. June 2021","format":false,"excerpt":"Das Referat ist f\u00fcr die schriftlichen Angelegenheiten der AOS zust\u00e4ndig, wie z.B. die Dokumentation von internen Sitzungen oder die Weiterleitung von Informationen, diversen Ank\u00fcndigungen und Einladungen. Au\u00dferdem ist dieses Referat die erste Anlaufstelle f\u00fcr die Anliegen der AOS-Mitglieder und leitet diese an die zust\u00e4ndige AOS-Abteilung weiter. Aufgaben des\u00a0AOS-Referats \u201cSchriftf\u00fchrung\u201d:\u00a0 Verfassung\u2026","rel":"","context":"Similar post","block_context":{"text":"Similar post","link":""},"img":{"alt_text":"","src":"","width":0,"height":0},"classes":[]}],"_links":{"self":[{"href":"https:\/\/austrianoccupationalscience.com\/en\/wp-json\/wp\/v2\/pages\/1094","targetHints":{"allow":["GET"]}}],"collection":[{"href":"https:\/\/austrianoccupationalscience.com\/en\/wp-json\/wp\/v2\/pages"}],"about":[{"href":"https:\/\/austrianoccupationalscience.com\/en\/wp-json\/wp\/v2\/types\/page"}],"author":[{"embeddable":true,"href":"https:\/\/austrianoccupationalscience.com\/en\/wp-json\/wp\/v2\/users\/188005436"}],"replies":[{"embeddable":true,"href":"https:\/\/austrianoccupationalscience.com\/en\/wp-json\/wp\/v2\/comments?post=1094"}],"version-history":[{"count":3,"href":"https:\/\/austrianoccupationalscience.com\/en\/wp-json\/wp\/v2\/pages\/1094\/revisions"}],"predecessor-version":[{"id":3500,"href":"https:\/\/austrianoccupationalscience.com\/en\/wp-json\/wp\/v2\/pages\/1094\/revisions\/3500"}],"wp:attachment":[{"href":"https:\/\/austrianoccupationalscience.com\/en\/wp-json\/wp\/v2\/media?parent=1094"}],"curies":[{"name":"wp","href":"https:\/\/api.w.org\/{rel}","templated":true}]}}