{"id":1327,"date":"2021-06-10T17:43:29","date_gmt":"2021-06-10T15:43:29","guid":{"rendered":"https:\/\/austrianoccupationalscience.com\/?page_id=1327"},"modified":"2023-06-13T17:30:02","modified_gmt":"2023-06-13T15:30:02","slug":"praesidium","status":"publish","type":"page","link":"https:\/\/austrianoccupationalscience.com\/en\/referate\/praesidium\/","title":{"rendered":"AOS Presidium"},"content":{"rendered":"<p class=\"wp-block-paragraph translation-block\">The Executive Committee of AOS takes up scientific activities, initiatives or projects and considers how these can be implemented throughout Austria in line with the AOS strategy. At the same time, the Executive Committee coordinates which tasks and activities can be taken on by AOS members - of course always taking into account their specific skills and interests.<\/p>\n\n\n\n<p class=\"wp-block-paragraph\"><strong>Tasks of the AOS Presidium:<\/strong>&nbsp;<\/p>\n\n\n\n<ul class=\"wp-block-list\">\n<li>Management of AOS and the control of selected activities according to the strategy&nbsp;<\/li>\n\n\n\n<li>Further development of the company and communication with other OS companies&nbsp;<\/li>\n\n\n\n<li>Representation of occupational science expertise to stakeholders&nbsp;<\/li>\n\n\n\n<li>Coordination of the activities of the individual departments&nbsp;<\/li>\n<\/ul>\n\n\n\n<p class=\"wp-block-paragraph translation-block\">The <strong>aim of the AOS Executive Committee for the 2023-2025<\/strong> term of office is: \nto realize the idea of AOS and build the society. The executive committee takes care of the content and strategic orientation and the representation of interests to the outside world.<\/p>\n\n\n\n<p class=\"is-style-info coblocks-alert-paragraph has-text-color wp-block-paragraph\" style=\"color:#454545\"><strong>Benefits from an AOS membership in this department:<\/strong><br><strong>-&gt;<\/strong> If there are ideas for activities, initiatives or projects, you as a member can bring them to us and we will consider how we can appropriately implement these ideas in our AOS strategy.<br><strong>-&gt; <\/strong>If you are interested in membership with active involvement and commitment to OS, then we will coordinate which AOS tasks and activities you can take on with your interests and skills.<br><strong>-&gt; <\/strong>In the case of inquiries to AOS, we coordinate the response or connect you with relevant experts if necessary.<\/p>","protected":false},"excerpt":{"rendered":"<p>Das Pr\u00e4sidium von AOS greift handlungswissenschaftliche Aktivit\u00e4ten, Initiativen oder Projekte auf und \u00fcberlegt, wie diese im Sinne der AOS-Strategie \u00f6sterreichweit umgesetzt werden k\u00f6nnen.Gleichzeitig koordiniert das Pr\u00e4sidium, welche Aufgaben und Aktivit\u00e4ten<a class=\"more-link\" href=\"https:\/\/austrianoccupationalscience.com\/en\/referate\/praesidium\/\">Continue reading <span class=\"screen-reader-text\">&#8222;AOS-Pr\u00e4sidium&#8220;<\/span><\/a><\/p>","protected":false},"author":188005436,"featured_media":0,"parent":1340,"menu_order":0,"comment_status":"closed","ping_status":"closed","template":"","meta":{"_coblocks_attr":"","_coblocks_dimensions":"","_coblocks_responsive_height":"","_coblocks_accordion_ie_support":"","_crdt_document":"","advanced_seo_description":"","jetpack_seo_html_title":"","jetpack_seo_noindex":false,"_EventAllDay":false,"_EventTimezone":"","_EventStartDate":"","_EventEndDate":"","_EventStartDateUTC":"","_EventEndDateUTC":"","_EventShowMap":false,"_EventShowMapLink":false,"_EventURL":"","_EventCost":"","_EventCostDescription":"","_EventCurrencySymbol":"","_EventCurrencyCode":"","_EventCurrencyPosition":"","_EventDateTimeSeparator":"","_EventTimeRangeSeparator":"","_EventOrganizerID":[],"_EventVenueID":[],"_OrganizerEmail":"","_OrganizerPhone":"","_OrganizerWebsite":"","_VenueAddress":"","_VenueCity":"","_VenueCountry":"","_VenueProvince":"","_VenueState":"","_VenueZip":"","_VenuePhone":"","_VenueURL":"","_VenueStateProvince":"","_VenueLat":"","_VenueLng":"","_VenueShowMap":false,"_VenueShowMapLink":false,"footnotes":""},"class_list":["post-1327","page","type-page","status-publish","hentry","entry"],"jetpack_likes_enabled":false,"jetpack_sharing_enabled":false,"jetpack_shortlink":"https:\/\/wp.me\/Pcby3z-lp","jetpack-related-posts":[{"id":1387,"url":"https:\/\/austrianoccupationalscience.com\/en\/vorteile-fuer-mitglieder-von-aos\/","url_meta":{"origin":1327,"position":0},"title":"Benefits for AOS members","author":"Austrian Association of Occupational Science","date":"27. June 2021","format":false,"excerpt":"Durch Deine Mitgliedschaft bei AOS tr\u00e4gst Du nicht nur zur aktiven F\u00f6rderung und Etablierung der Handlungswissenschaft in \u00d6sterreich bei, Du profitiert auch von den Vorteilen der einzelnen AOS-Referate f\u00fcr Mitglieder. Deine Vorteile als AOS-Mitglied in den jeweiligen Referaten sind: \u2b50\u00a0 AOS-Pr\u00e4sidium Du m\u00f6chtest Deine Ideen zur F\u00f6rderung und Etablierung der\u2026","rel":"","context":"Similar post","block_context":{"text":"Similar post","link":""},"img":{"alt_text":"","src":"","width":0,"height":0},"classes":[]},{"id":1330,"url":"https:\/\/austrianoccupationalscience.com\/en\/referate\/internationalisierung\/","url_meta":{"origin":1327,"position":1},"title":"AOS-Internationalisierungsreferat","author":"Austrian Association of Occupational Science","date":"10. June 2021","format":false,"excerpt":"Aufgaben des AOS-Internationalisierungsreferats:\u00a0 Das Referat\u00a0\u201cInternationalisierung\u201d von AOS\u00a0nimmt mit anderen Gesellschaften und Personen der Handlungswissenschaft im deutschsprachigen und englischsprachen Ausland Kontakt auf, baut Kooperationen aus und informiert diese \u00fcber Entwicklungen\u00a0sowie\u00a0Veranstaltungen\u00a0in\u00a0Bezug zur Handlungswissenschaft in \u00d6sterreich.\u00a0\u00a0Das Referat arbeitet eng mit dem Pr\u00e4sidium und mit dem Medienreferat zusammen.\u00a0\u00a0 Die\u00a0Ziele des AOS-Internationalisierungsreferats f\u00fcr die Amtsperiode\u00a02023-2025\u2026","rel":"","context":"Similar post","block_context":{"text":"Similar post","link":""},"img":{"alt_text":"","src":"","width":0,"height":0},"classes":[]},{"id":1324,"url":"https:\/\/austrianoccupationalscience.com\/en\/referate\/medienreferat\/","url_meta":{"origin":1327,"position":2},"title":"AOS Media Department\u00a0","author":"Austrian Association of Occupational Science","date":"10. June 2021","format":false,"excerpt":"Das AOS-Medienreferat erstellt Beitr\u00e4ge zu Occupational Science in Verbindung mit aktuellen Themen und teilt diese auf den diversen Social Media Plattformen (Instagram, Facebook, LinkedIn, Twitter) sowie der AOS Homepage. Durch diese Beitr\u00e4ge wird ein Verst\u00e4ndnis \u00fcber den Zusammenhang zwischen Handlung, Gesundheit und Wohlbefinden geschaffen. Ergotherapeut:innen und Handlungswissenschaftler:innen werden dadurch auf\u2026","rel":"","context":"Similar post","block_context":{"text":"Similar post","link":""},"img":{"alt_text":"","src":"","width":0,"height":0},"classes":[]},{"id":5628,"url":"https:\/\/austrianoccupationalscience.com\/en\/publikationen-von-aos-austrian-association-of-occupational-science\/","url_meta":{"origin":1327,"position":3},"title":"Publikationen von AOS &#8211; Austrian Association of Occupational Science","author":"Austrian Association of Occupational Science","date":"25. November 2024","format":false,"excerpt":"AOS \u2013 Austrian Association of Occupational Science publiziert regelm\u00e4\u00dfig in verschiedenen Fachzeitschriften. Als Mitglied von AOS kannst Du alle unserer bisher publizierten Artikel lesen! ergotherapie praxis ergotherapie ergopraxis ergoscience Bist Du Mitglied von AOS und m\u00f6chtest einen Artikel als Volltext? Nutze direkt den Button unter dem Artikel Deiner Wahl, um\u2026","rel":"","context":"Similar post","block_context":{"text":"Similar post","link":""},"img":{"alt_text":"","src":"","width":0,"height":0},"classes":[]},{"id":1333,"url":"https:\/\/austrianoccupationalscience.com\/en\/referate\/schriftfuehrung\/","url_meta":{"origin":1327,"position":4},"title":"AOS-Referat &#8222;Schriftf\u00fchrung&#8220;","author":"Austrian Association of Occupational Science","date":"10. June 2021","format":false,"excerpt":"Das Referat ist f\u00fcr die schriftlichen Angelegenheiten der AOS zust\u00e4ndig, wie z.B. die Dokumentation von internen Sitzungen oder die Weiterleitung von Informationen, diversen Ank\u00fcndigungen und Einladungen. Au\u00dferdem ist dieses Referat die erste Anlaufstelle f\u00fcr die Anliegen der AOS-Mitglieder und leitet diese an die zust\u00e4ndige AOS-Abteilung weiter. Aufgaben des\u00a0AOS-Referats \u201cSchriftf\u00fchrung\u201d:\u00a0 Verfassung\u2026","rel":"","context":"Similar post","block_context":{"text":"Similar post","link":""},"img":{"alt_text":"","src":"","width":0,"height":0},"classes":[]},{"id":1336,"url":"https:\/\/austrianoccupationalscience.com\/en\/referate\/veranstaltungsreferat\/","url_meta":{"origin":1327,"position":5},"title":"AOS-Event Department","author":"Austrian Association of Occupational Science","date":"10. June 2021","format":false,"excerpt":"Das AOS-Veranstaltungsreferat ist f\u00fcr eine koordinierte Planung und Umsetzung von Veranstaltungen f\u00fcr\u00a0die\u00a0Gesellschaft\u00a0zust\u00e4ndig.\u00a0Dabei dient es als Anlaufstelle\u00a0f\u00fcr\u00a0die Planung, Durchf\u00fchrung und Nachbereitung von Veranstaltungen der Gesellschaft.\u00a0Gemeinsam\u00a0mit den\u00a0organisatorisch verantwortlichen\u00a0Personen verantwortet das AOS-Veranstaltungsreferat\u00a0dadurch\u00a0eine den Bestimmungen entsprechende Planung und Durchf\u00fchrung\u00a0von\u00a0Veranstaltungen.\u00a0\u00a0 Aufgaben\u00a0des AOS-Veranstaltungsreferats:\u00a0\u00a0 Entwicklung eines Veranstaltungsplans f\u00fcr\u00a0AOS\u00a0angelehnt an den Jahreskreislauf\u00a0 Einhaltung von Auflagen und Bestimmungen, die\u2026","rel":"","context":"Similar post","block_context":{"text":"Similar post","link":""},"img":{"alt_text":"","src":"","width":0,"height":0},"classes":[]}],"_links":{"self":[{"href":"https:\/\/austrianoccupationalscience.com\/en\/wp-json\/wp\/v2\/pages\/1327","targetHints":{"allow":["GET"]}}],"collection":[{"href":"https:\/\/austrianoccupationalscience.com\/en\/wp-json\/wp\/v2\/pages"}],"about":[{"href":"https:\/\/austrianoccupationalscience.com\/en\/wp-json\/wp\/v2\/types\/page"}],"author":[{"embeddable":true,"href":"https:\/\/austrianoccupationalscience.com\/en\/wp-json\/wp\/v2\/users\/188005436"}],"replies":[{"embeddable":true,"href":"https:\/\/austrianoccupationalscience.com\/en\/wp-json\/wp\/v2\/comments?post=1327"}],"version-history":[{"count":6,"href":"https:\/\/austrianoccupationalscience.com\/en\/wp-json\/wp\/v2\/pages\/1327\/revisions"}],"predecessor-version":[{"id":3607,"href":"https:\/\/austrianoccupationalscience.com\/en\/wp-json\/wp\/v2\/pages\/1327\/revisions\/3607"}],"up":[{"embeddable":true,"href":"https:\/\/austrianoccupationalscience.com\/en\/wp-json\/wp\/v2\/pages\/1340"}],"wp:attachment":[{"href":"https:\/\/austrianoccupationalscience.com\/en\/wp-json\/wp\/v2\/media?parent=1327"}],"curies":[{"name":"wp","href":"https:\/\/api.w.org\/{rel}","templated":true}]}}