{"id":1330,"date":"2021-06-10T17:44:03","date_gmt":"2021-06-10T15:44:03","guid":{"rendered":"https:\/\/austrianoccupationalscience.com\/?page_id=1330"},"modified":"2023-06-13T17:25:04","modified_gmt":"2023-06-13T15:25:04","slug":"internationalisierung","status":"publish","type":"page","link":"https:\/\/austrianoccupationalscience.com\/en\/referate\/internationalisierung\/","title":{"rendered":"AOS-Internationalisierungsreferat"},"content":{"rendered":"<p class=\"wp-block-paragraph\"><strong>Tasks of the AOS internationalization department:<\/strong>&nbsp;<\/p>\n\n\n\n<p class=\"wp-block-paragraph\">The \"Internationalization\" department of AOS establishes contact with other companies and people in occupational science in German-speaking and English-speaking countries, expands cooperation and informs them about developments and events relating to occupational science in Austria. The department works closely with the Executive Committee and the media department.&nbsp;&nbsp;<\/p>\n\n\n\n<p class=\"wp-block-paragraph translation-block\">The <strong>goals of the AOS internationalization department for the 2023-2025<\/strong> term of office are:<\/p>\n\n\n\n<ul class=\"wp-block-list\">\n<li>Development and establishment of cooperation with associations and people in the field of occupational sciences. The focus here is primarily on the DACH region (Switzerland and Germany).<\/li>\n\n\n\n<li>Promotion of AOS on an international level outside of the DACH region. \u2013 The aim is for clubs and individuals to know about the AOS and its activities on an international level.<\/li>\n<\/ul>\n\n\n\n<p class=\"is-style-info coblocks-alert-paragraph has-text-color wp-block-paragraph\" style=\"color:#454545\"><strong>Benefits from an AOS membership in this department:\u00a0<\/strong>\u00a0<br>By establishing AOS cooperations at international level, contacts can be made with international researchers and practitioners in the field of occupational sciences. AOS members are informed about international developments. For AOS events (e.g.: O'Science day), international speakers are also requested for contributions on the subject of occupational science, which puts our members in contact with occupational scientists from other countries and continents.<\/p>","protected":false},"excerpt":{"rendered":"<p>Aufgaben des AOS-Internationalisierungsreferats:&nbsp; Das Referat&nbsp;\u201cInternationalisierung\u201d von AOS&nbsp;nimmt mit anderen Gesellschaften und Personen der Handlungswissenschaft im deutschsprachigen und englischsprachen Ausland Kontakt auf, baut Kooperationen aus und informiert diese \u00fcber Entwicklungen&nbsp;sowie&nbsp;Veranstaltungen&nbsp;in&nbsp;Bezug zur<a class=\"more-link\" href=\"https:\/\/austrianoccupationalscience.com\/en\/referate\/internationalisierung\/\">Continue reading <span class=\"screen-reader-text\">&#8222;AOS-Internationalisierungsreferat&#8220;<\/span><\/a><\/p>","protected":false},"author":188005436,"featured_media":0,"parent":1340,"menu_order":0,"comment_status":"closed","ping_status":"closed","template":"","meta":{"_coblocks_attr":"","_coblocks_dimensions":"","_coblocks_responsive_height":"","_coblocks_accordion_ie_support":"","_crdt_document":"","advanced_seo_description":"","jetpack_seo_html_title":"","jetpack_seo_noindex":false,"_EventAllDay":false,"_EventTimezone":"","_EventStartDate":"","_EventEndDate":"","_EventStartDateUTC":"","_EventEndDateUTC":"","_EventShowMap":false,"_EventShowMapLink":false,"_EventURL":"","_EventCost":"","_EventCostDescription":"","_EventCurrencySymbol":"","_EventCurrencyCode":"","_EventCurrencyPosition":"","_EventDateTimeSeparator":"","_EventTimeRangeSeparator":"","_EventOrganizerID":[],"_EventVenueID":[],"_OrganizerEmail":"","_OrganizerPhone":"","_OrganizerWebsite":"","_VenueAddress":"","_VenueCity":"","_VenueCountry":"","_VenueProvince":"","_VenueState":"","_VenueZip":"","_VenuePhone":"","_VenueURL":"","_VenueStateProvince":"","_VenueLat":"","_VenueLng":"","_VenueShowMap":false,"_VenueShowMapLink":false,"footnotes":""},"class_list":["post-1330","page","type-page","status-publish","hentry","entry"],"jetpack_likes_enabled":true,"jetpack_sharing_enabled":true,"jetpack_shortlink":"https:\/\/wp.me\/Pcby3z-ls","jetpack-related-posts":[{"id":1387,"url":"https:\/\/austrianoccupationalscience.com\/en\/vorteile-fuer-mitglieder-von-aos\/","url_meta":{"origin":1330,"position":0},"title":"Benefits for AOS members","author":"Austrian Association of Occupational Science","date":"27. June 2021","format":false,"excerpt":"Durch Deine Mitgliedschaft bei AOS tr\u00e4gst Du nicht nur zur aktiven F\u00f6rderung und Etablierung der Handlungswissenschaft in \u00d6sterreich bei, Du profitiert auch von den Vorteilen der einzelnen AOS-Referate f\u00fcr Mitglieder. Deine Vorteile als AOS-Mitglied in den jeweiligen Referaten sind: \u2b50\u00a0 AOS-Pr\u00e4sidium Du m\u00f6chtest Deine Ideen zur F\u00f6rderung und Etablierung der\u2026","rel":"","context":"Similar post","block_context":{"text":"Similar post","link":""},"img":{"alt_text":"","src":"","width":0,"height":0},"classes":[]},{"id":1324,"url":"https:\/\/austrianoccupationalscience.com\/en\/referate\/medienreferat\/","url_meta":{"origin":1330,"position":1},"title":"AOS Media Department\u00a0","author":"Austrian Association of Occupational Science","date":"10. June 2021","format":false,"excerpt":"Das AOS-Medienreferat erstellt Beitr\u00e4ge zu Occupational Science in Verbindung mit aktuellen Themen und teilt diese auf den diversen Social Media Plattformen (Instagram, Facebook, LinkedIn, Twitter) sowie der AOS Homepage. Durch diese Beitr\u00e4ge wird ein Verst\u00e4ndnis \u00fcber den Zusammenhang zwischen Handlung, Gesundheit und Wohlbefinden geschaffen. Ergotherapeut:innen und Handlungswissenschaftler:innen werden dadurch auf\u2026","rel":"","context":"Similar post","block_context":{"text":"Similar post","link":""},"img":{"alt_text":"","src":"","width":0,"height":0},"classes":[]},{"id":1336,"url":"https:\/\/austrianoccupationalscience.com\/en\/referate\/veranstaltungsreferat\/","url_meta":{"origin":1330,"position":2},"title":"AOS-Event Department","author":"Austrian Association of Occupational Science","date":"10. June 2021","format":false,"excerpt":"Das AOS-Veranstaltungsreferat ist f\u00fcr eine koordinierte Planung und Umsetzung von Veranstaltungen f\u00fcr\u00a0die\u00a0Gesellschaft\u00a0zust\u00e4ndig.\u00a0Dabei dient es als Anlaufstelle\u00a0f\u00fcr\u00a0die Planung, Durchf\u00fchrung und Nachbereitung von Veranstaltungen der Gesellschaft.\u00a0Gemeinsam\u00a0mit den\u00a0organisatorisch verantwortlichen\u00a0Personen verantwortet das AOS-Veranstaltungsreferat\u00a0dadurch\u00a0eine den Bestimmungen entsprechende Planung und Durchf\u00fchrung\u00a0von\u00a0Veranstaltungen.\u00a0\u00a0 Aufgaben\u00a0des AOS-Veranstaltungsreferats:\u00a0\u00a0 Entwicklung eines Veranstaltungsplans f\u00fcr\u00a0AOS\u00a0angelehnt an den Jahreskreislauf\u00a0 Einhaltung von Auflagen und Bestimmungen, die\u2026","rel":"","context":"Similar post","block_context":{"text":"Similar post","link":""},"img":{"alt_text":"","src":"","width":0,"height":0},"classes":[]},{"id":1327,"url":"https:\/\/austrianoccupationalscience.com\/en\/referate\/praesidium\/","url_meta":{"origin":1330,"position":3},"title":"AOS Presidium","author":"Austrian Association of Occupational Science","date":"10. June 2021","format":false,"excerpt":"Das Pr\u00e4sidium von AOS greift handlungswissenschaftliche Aktivit\u00e4ten, Initiativen oder Projekte auf und \u00fcberlegt, wie diese im Sinne der AOS-Strategie \u00f6sterreichweit umgesetzt werden k\u00f6nnen.Gleichzeitig koordiniert das Pr\u00e4sidium, welche Aufgaben und Aktivit\u00e4ten von AOS-Mitgliedern \u00fcbernommen werden k\u00f6nnen \u2013 nat\u00fcrlich immer unter Ber\u00fccksichtigung ihrer spezifischen Kompetenzen und Interessen. Aufgaben des AOS-Pr\u00e4sidiums:\u00a0 Management von\u2026","rel":"","context":"Similar post","block_context":{"text":"Similar post","link":""},"img":{"alt_text":"","src":"","width":0,"height":0},"classes":[]},{"id":1333,"url":"https:\/\/austrianoccupationalscience.com\/en\/referate\/schriftfuehrung\/","url_meta":{"origin":1330,"position":4},"title":"AOS-Referat &#8222;Schriftf\u00fchrung&#8220;","author":"Austrian Association of Occupational Science","date":"10. June 2021","format":false,"excerpt":"Das Referat ist f\u00fcr die schriftlichen Angelegenheiten der AOS zust\u00e4ndig, wie z.B. die Dokumentation von internen Sitzungen oder die Weiterleitung von Informationen, diversen Ank\u00fcndigungen und Einladungen. Au\u00dferdem ist dieses Referat die erste Anlaufstelle f\u00fcr die Anliegen der AOS-Mitglieder und leitet diese an die zust\u00e4ndige AOS-Abteilung weiter. Aufgaben des\u00a0AOS-Referats \u201cSchriftf\u00fchrung\u201d:\u00a0 Verfassung\u2026","rel":"","context":"Similar post","block_context":{"text":"Similar post","link":""},"img":{"alt_text":"","src":"","width":0,"height":0},"classes":[]},{"id":1092,"url":"https:\/\/austrianoccupationalscience.com\/en\/unterstuetzende-gruendungsmitglieder\/","url_meta":{"origin":1330,"position":5},"title":"AOS functionaries","author":"Austrian Association of Occupational Science","date":"28. March 2021","format":false,"excerpt":"Barbara Prinz-Buchberger, MSc Barbara Prinz-Buchberger ist Lehrende und Forschende an der IMC Fachhochschule Krems, sowie freiberufliche Ergotherapeutin in der P\u00e4diatrie.Sie ist ein unterst\u00fctzendes Gr\u00fcndungsmitglied und unterst\u00fctzt AOS im Jungforscher:innen-Referat. Andrea Handschuh, MSc. Andrea Handschuh ist im Bereich Qualit\u00e4tsmanagement und Referentin f\u00fcr Ergotherapie beim PSD und als Leitung von einem Forschungsprojekt\u2026","rel":"","context":"Similar post","block_context":{"text":"Similar post","link":""},"img":{"alt_text":"","src":"https:\/\/i0.wp.com\/austrianoccupationalscience.com\/wp-content\/uploads\/2020\/08\/img_1379-1-e1608144848819.jpg?resize=350%2C200&ssl=1","width":350,"height":200},"classes":[]}],"_links":{"self":[{"href":"https:\/\/austrianoccupationalscience.com\/en\/wp-json\/wp\/v2\/pages\/1330","targetHints":{"allow":["GET"]}}],"collection":[{"href":"https:\/\/austrianoccupationalscience.com\/en\/wp-json\/wp\/v2\/pages"}],"about":[{"href":"https:\/\/austrianoccupationalscience.com\/en\/wp-json\/wp\/v2\/types\/page"}],"author":[{"embeddable":true,"href":"https:\/\/austrianoccupationalscience.com\/en\/wp-json\/wp\/v2\/users\/188005436"}],"replies":[{"embeddable":true,"href":"https:\/\/austrianoccupationalscience.com\/en\/wp-json\/wp\/v2\/comments?post=1330"}],"version-history":[{"count":5,"href":"https:\/\/austrianoccupationalscience.com\/en\/wp-json\/wp\/v2\/pages\/1330\/revisions"}],"predecessor-version":[{"id":3602,"href":"https:\/\/austrianoccupationalscience.com\/en\/wp-json\/wp\/v2\/pages\/1330\/revisions\/3602"}],"up":[{"embeddable":true,"href":"https:\/\/austrianoccupationalscience.com\/en\/wp-json\/wp\/v2\/pages\/1340"}],"wp:attachment":[{"href":"https:\/\/austrianoccupationalscience.com\/en\/wp-json\/wp\/v2\/media?parent=1330"}],"curies":[{"name":"wp","href":"https:\/\/api.w.org\/{rel}","templated":true}]}}