{"id":1336,"date":"2021-06-10T17:45:48","date_gmt":"2021-06-10T15:45:48","guid":{"rendered":"https:\/\/austrianoccupationalscience.com\/?page_id=1336"},"modified":"2023-06-13T17:29:23","modified_gmt":"2023-06-13T15:29:23","slug":"veranstaltungsreferat","status":"publish","type":"page","link":"https:\/\/austrianoccupationalscience.com\/en\/referate\/veranstaltungsreferat\/","title":{"rendered":"AOS-Event Department"},"content":{"rendered":"<p class=\"wp-block-paragraph translation-block\">The AOS event department is responsible for the coordinated planning and implementation of events for the society. It serves as a contact point for the planning, implementation and follow-up of events. Together with the organizationally responsible persons, the AOS events department is responsible for planning and holding events in accordance with the regulations.<\/p>\n\n\n\n<p class=\"wp-block-paragraph\"><strong>Tasks of the AOS event department:\u00a0<\/strong>\u00a0<\/p>\n\n\n\n<ul class=\"wp-block-list\">\n<li>Development of an event schedule for AOS based on the annual cycle&nbsp;<\/li>\n\n\n\n<li>Compliance with requirements and regulations that apply to the organization of events for clubs&nbsp;&nbsp;<\/li>\n\n\n\n<li>Planning, organization and follow-up of company events in consultation with the entire board&nbsp;<\/li>\n\n\n\n<li>If necessary, preparation of presentations required for events and moderation at events&nbsp;<\/li>\n<\/ul>\n\n\n\n<p class=\"wp-block-paragraph translation-block\">The <strong>goals of the AOS events department for the 2023-2025<\/strong> term of office are:<\/p>\n\n\n\n<ul class=\"wp-block-list\">\n<li>Development of an annual cycle for events&nbsp;&nbsp;<\/li>\n\n\n\n<li>Development and implementation of club-specific events for AOS members and non-members with the aim&nbsp;&nbsp;\n<ul class=\"wp-block-list\">\n<li>of increasing understanding of the relationship between occupation, health and well-being, and&nbsp;&nbsp;<\/li>\n\n\n\n<li>to sensitize occupational therapists and occupational scientists at the (inter)national level with regard to practical science topics (e.g. occupational justice, occupational balance, occupational disruption, ...).&nbsp;&nbsp;<\/li>\n<\/ul>\n<\/li>\n<\/ul>\n\n\n\n<p class=\"is-style-info coblocks-alert-paragraph has-text-color wp-block-paragraph\" style=\"color:#454545\"><strong>Benefits from an AOS membership in this department:<\/strong><br>The AOS membership not only gives you the opportunity to take part in various events (e.g. the quarterly online members' meeting) with specific inputs on occupational science, but also to build up your personal network with (inter)national occupational scientists and be part of this community.\u00a0\u00a0<\/p>","protected":false},"excerpt":{"rendered":"<p>Das AOS-Veranstaltungsreferat ist f\u00fcr eine koordinierte Planung und Umsetzung von Veranstaltungen f\u00fcr\u00a0die\u00a0Gesellschaft\u00a0zust\u00e4ndig.\u00a0Dabei dient es als Anlaufstelle\u00a0f\u00fcr\u00a0die Planung, Durchf\u00fchrung und Nachbereitung von Veranstaltungen der Gesellschaft.\u00a0Gemeinsam\u00a0mit den\u00a0organisatorisch verantwortlichen\u00a0Personen verantwortet das AOS-Veranstaltungsreferat\u00a0dadurch\u00a0eine den<a class=\"more-link\" href=\"https:\/\/austrianoccupationalscience.com\/en\/referate\/veranstaltungsreferat\/\">Continue reading <span class=\"screen-reader-text\">&#8222;AOS-Veranstaltungsreferat&#8220;<\/span><\/a><\/p>","protected":false},"author":188005436,"featured_media":0,"parent":1340,"menu_order":0,"comment_status":"closed","ping_status":"closed","template":"","meta":{"_coblocks_attr":"","_coblocks_dimensions":"","_coblocks_responsive_height":"","_coblocks_accordion_ie_support":"","_crdt_document":"","advanced_seo_description":"","jetpack_seo_html_title":"","jetpack_seo_noindex":false,"_EventAllDay":false,"_EventTimezone":"","_EventStartDate":"","_EventEndDate":"","_EventStartDateUTC":"","_EventEndDateUTC":"","_EventShowMap":false,"_EventShowMapLink":false,"_EventURL":"","_EventCost":"","_EventCostDescription":"","_EventCurrencySymbol":"","_EventCurrencyCode":"","_EventCurrencyPosition":"","_EventDateTimeSeparator":"","_EventTimeRangeSeparator":"","_EventOrganizerID":[],"_EventVenueID":[],"_OrganizerEmail":"","_OrganizerPhone":"","_OrganizerWebsite":"","_VenueAddress":"","_VenueCity":"","_VenueCountry":"","_VenueProvince":"","_VenueState":"","_VenueZip":"","_VenuePhone":"","_VenueURL":"","_VenueStateProvince":"","_VenueLat":"","_VenueLng":"","_VenueShowMap":false,"_VenueShowMapLink":false,"footnotes":""},"class_list":["post-1336","page","type-page","status-publish","hentry","entry"],"jetpack_likes_enabled":false,"jetpack_sharing_enabled":false,"jetpack_shortlink":"https:\/\/wp.me\/Pcby3z-ly","jetpack-related-posts":[{"id":1333,"url":"https:\/\/austrianoccupationalscience.com\/en\/referate\/schriftfuehrung\/","url_meta":{"origin":1336,"position":0},"title":"AOS-Referat &#8222;Schriftf\u00fchrung&#8220;","author":"Austrian Association of Occupational Science","date":"10. June 2021","format":false,"excerpt":"Das Referat ist f\u00fcr die schriftlichen Angelegenheiten der AOS zust\u00e4ndig, wie z.B. die Dokumentation von internen Sitzungen oder die Weiterleitung von Informationen, diversen Ank\u00fcndigungen und Einladungen. Au\u00dferdem ist dieses Referat die erste Anlaufstelle f\u00fcr die Anliegen der AOS-Mitglieder und leitet diese an die zust\u00e4ndige AOS-Abteilung weiter. Aufgaben des\u00a0AOS-Referats \u201cSchriftf\u00fchrung\u201d:\u00a0 Verfassung\u2026","rel":"","context":"Similar post","block_context":{"text":"Similar post","link":""},"img":{"alt_text":"","src":"","width":0,"height":0},"classes":[]},{"id":1387,"url":"https:\/\/austrianoccupationalscience.com\/en\/vorteile-fuer-mitglieder-von-aos\/","url_meta":{"origin":1336,"position":1},"title":"Benefits for AOS members","author":"Austrian Association of Occupational Science","date":"27. June 2021","format":false,"excerpt":"Durch Deine Mitgliedschaft bei AOS tr\u00e4gst Du nicht nur zur aktiven F\u00f6rderung und Etablierung der Handlungswissenschaft in \u00d6sterreich bei, Du profitiert auch von den Vorteilen der einzelnen AOS-Referate f\u00fcr Mitglieder. Deine Vorteile als AOS-Mitglied in den jeweiligen Referaten sind: \u2b50\u00a0 AOS-Pr\u00e4sidium Du m\u00f6chtest Deine Ideen zur F\u00f6rderung und Etablierung der\u2026","rel":"","context":"Similar post","block_context":{"text":"Similar post","link":""},"img":{"alt_text":"","src":"","width":0,"height":0},"classes":[]},{"id":1330,"url":"https:\/\/austrianoccupationalscience.com\/en\/referate\/internationalisierung\/","url_meta":{"origin":1336,"position":2},"title":"AOS-Internationalisierungsreferat","author":"Austrian Association of Occupational Science","date":"10. June 2021","format":false,"excerpt":"Aufgaben des AOS-Internationalisierungsreferats:\u00a0 Das Referat\u00a0\u201cInternationalisierung\u201d von AOS\u00a0nimmt mit anderen Gesellschaften und Personen der Handlungswissenschaft im deutschsprachigen und englischsprachen Ausland Kontakt auf, baut Kooperationen aus und informiert diese \u00fcber Entwicklungen\u00a0sowie\u00a0Veranstaltungen\u00a0in\u00a0Bezug zur Handlungswissenschaft in \u00d6sterreich.\u00a0\u00a0Das Referat arbeitet eng mit dem Pr\u00e4sidium und mit dem Medienreferat zusammen.\u00a0\u00a0 Die\u00a0Ziele des AOS-Internationalisierungsreferats f\u00fcr die Amtsperiode\u00a02023-2025\u2026","rel":"","context":"Similar post","block_context":{"text":"Similar post","link":""},"img":{"alt_text":"","src":"","width":0,"height":0},"classes":[]},{"id":1340,"url":"https:\/\/austrianoccupationalscience.com\/en\/referate\/","url_meta":{"origin":1336,"position":3},"title":"Departments","author":"Austrian Association of Occupational Science","date":"10. June 2021","format":false,"excerpt":"Finanzreferat Internationalisierungsreferat Jungforscher:innenreferat Medienreferat Pr\u00e4sidium Referat \"Schriftf\u00fchrung\" Referat \"Interdisziplinarit\u00e4t\" Veranstaltungsreferat","rel":"","context":"Similar post","block_context":{"text":"Similar post","link":""},"img":{"alt_text":"","src":"","width":0,"height":0},"classes":[]},{"id":1324,"url":"https:\/\/austrianoccupationalscience.com\/en\/referate\/medienreferat\/","url_meta":{"origin":1336,"position":4},"title":"AOS Media Department\u00a0","author":"Austrian Association of Occupational Science","date":"10. June 2021","format":false,"excerpt":"Das AOS-Medienreferat erstellt Beitr\u00e4ge zu Occupational Science in Verbindung mit aktuellen Themen und teilt diese auf den diversen Social Media Plattformen (Instagram, Facebook, LinkedIn, Twitter) sowie der AOS Homepage. Durch diese Beitr\u00e4ge wird ein Verst\u00e4ndnis \u00fcber den Zusammenhang zwischen Handlung, Gesundheit und Wohlbefinden geschaffen. Ergotherapeut:innen und Handlungswissenschaftler:innen werden dadurch auf\u2026","rel":"","context":"Similar post","block_context":{"text":"Similar post","link":""},"img":{"alt_text":"","src":"","width":0,"height":0},"classes":[]},{"id":1318,"url":"https:\/\/austrianoccupationalscience.com\/en\/referate\/finanzreferat\/","url_meta":{"origin":1336,"position":5},"title":"AOS Finance Department","author":"Austrian Association of Occupational Science","date":"10. June 2021","format":false,"excerpt":"Der Schwerpunkt des Finanzreferats liegt darin, eine Anlaufstelle f\u00fcr alle finanziellen Angelegenheiten zu sein \u2013 f\u00fcr den Vorstand und die Mitglieder sowie f\u00fcr den gesamten Zahlungsverkehr \u2013 und den finanziellen \u00dcberblick zu behalten. Aufgaben des AOS-Finanzreferats:\u00a0 Erstellung\u00a0eines j\u00e4hrlichen\u00a0Budgetplanes\u00a0von AOS\u00a0f\u00fcr das laufende sowie das kommende Vereinsjahr\u00a0 Kostenkontrolle inklusive Kontrolle des vorhandenen\u2026","rel":"","context":"Similar post","block_context":{"text":"Similar post","link":""},"img":{"alt_text":"","src":"","width":0,"height":0},"classes":[]}],"_links":{"self":[{"href":"https:\/\/austrianoccupationalscience.com\/en\/wp-json\/wp\/v2\/pages\/1336","targetHints":{"allow":["GET"]}}],"collection":[{"href":"https:\/\/austrianoccupationalscience.com\/en\/wp-json\/wp\/v2\/pages"}],"about":[{"href":"https:\/\/austrianoccupationalscience.com\/en\/wp-json\/wp\/v2\/types\/page"}],"author":[{"embeddable":true,"href":"https:\/\/austrianoccupationalscience.com\/en\/wp-json\/wp\/v2\/users\/188005436"}],"replies":[{"embeddable":true,"href":"https:\/\/austrianoccupationalscience.com\/en\/wp-json\/wp\/v2\/comments?post=1336"}],"version-history":[{"count":4,"href":"https:\/\/austrianoccupationalscience.com\/en\/wp-json\/wp\/v2\/pages\/1336\/revisions"}],"predecessor-version":[{"id":3606,"href":"https:\/\/austrianoccupationalscience.com\/en\/wp-json\/wp\/v2\/pages\/1336\/revisions\/3606"}],"up":[{"embeddable":true,"href":"https:\/\/austrianoccupationalscience.com\/en\/wp-json\/wp\/v2\/pages\/1340"}],"wp:attachment":[{"href":"https:\/\/austrianoccupationalscience.com\/en\/wp-json\/wp\/v2\/media?parent=1336"}],"curies":[{"name":"wp","href":"https:\/\/api.w.org\/{rel}","templated":true}]}}