{"id":1387,"date":"2021-06-27T23:11:42","date_gmt":"2021-06-27T21:11:42","guid":{"rendered":"https:\/\/austrianoccupationalscience.com\/?page_id=1387"},"modified":"2023-11-23T09:25:00","modified_gmt":"2023-11-23T08:25:00","slug":"vorteile-fuer-mitglieder-von-aos","status":"publish","type":"page","link":"https:\/\/austrianoccupationalscience.com\/en\/vorteile-fuer-mitglieder-von-aos\/","title":{"rendered":"Benefits for AOS members"},"content":{"rendered":"<p class=\"wp-block-paragraph\">Through your AOS-membership, you will contribute to the establishment of Occupational science in Austria and you also benefit from the advantages for AOS-members.<\/p>\n\n\n\n<p class=\"wp-block-paragraph\">Your advantages as an AOS member in the respective departments are:<\/p>\n\n\n\n<div class=\"wp-block-coblocks-accordion\">\n<div class=\"wp-block-coblocks-accordion-item\"><details><summary class=\"wp-block-coblocks-accordion-item__title\">\u2b50\u00a0 <strong>AOS Presidium<\/strong><\/summary><div class=\"wp-block-coblocks-accordion-item__content\">\n<p class=\"wp-block-paragraph\">You would like to contribute your ideas for the promotion and establishment of Occupational science in Austria and be an active part of AOS?<\/p>\n\n\n\n<p class=\"wp-block-paragraph\">The AOS Presidium coordinates which AOS tasks and activities can be taken over by members - of course always taking your specific competences and interests into account.<\/p>\n<\/div><\/details><\/div>\n\n\n\n<div class=\"wp-block-coblocks-accordion-item\"><details><summary class=\"wp-block-coblocks-accordion-item__title\">\u2b50 <strong>AOS Media Department<\/strong><\/summary><div class=\"wp-block-coblocks-accordion-item__content\">\n<p class=\"wp-block-paragraph\">As an AOS member you will receive from the media department:<\/p>\n\n\n\n<ul class=\"wp-block-list\">\n<li>Exciting posts on Occupational Science related to current issues on the social media platforms.<\/li>\n\n\n\n<li>Information about upcoming events \u2013 some of them you can attend exclusively as a member (e.g., biannual member meeting).<\/li>\n\n\n\n<li>Free delivery of our articles, which are published quarterly in the professional journal of Ergotherapie Austria.<\/li>\n<\/ul>\n<\/div><\/details><\/div>\n\n\n\n<div class=\"wp-block-coblocks-accordion-item\"><details><summary class=\"wp-block-coblocks-accordion-item__title\">\u2b50\u00a0 <strong>AOS Secretary<\/strong><\/summary><div class=\"wp-block-coblocks-accordion-item__content\">\n<p class=\"wp-block-paragraph\">The secretary is responsible for the information transfer of members and offers the possibility that you send us your topics, which you would like to share with other AOS members.<\/p>\n<\/div><\/details><\/div>\n\n\n\n<div class=\"wp-block-coblocks-accordion-item\"><details><summary class=\"wp-block-coblocks-accordion-item__title\">\u2b50\u00a0 <strong>AOS Finance Department<\/strong><\/summary><div class=\"wp-block-coblocks-accordion-item__content\">\n<p class=\"wp-block-paragraph\">The Finance department supports you as a member in questions regarding financial issues in connection with the membership of AOS.<\/p>\n<\/div><\/details><\/div>\n\n\n\n<div class=\"wp-block-coblocks-accordion-item\"><details><summary class=\"wp-block-coblocks-accordion-item__title\">\u2b50\u00a0 <strong>AOS Young Researchers Department<\/strong>&#8222;<\/summary><div class=\"wp-block-coblocks-accordion-item__content\">\n<p class=\"wp-block-paragraph\">Attention young researchers!<br>Members of AOS benefit from these AOS department by:<\/p>\n\n\n\n<ul class=\"wp-block-list\">\n<li>the access to projects such as O'Science Career Check and OST-Pool.<\/li>\n\n\n\n<li>the network of young researchers and researchers in the field of Occupational sciences.<\/li>\n\n\n\n<li>the insight into the young researchers' career paths.<\/li>\n\n\n\n<li>the exchange with Occupational scientist on OS research topics and on OS research careers.<\/li>\n\n\n\n<li>the contribution of OS research topics.<\/li>\n\n\n\n<li>the advice on career opportunities in the Occupational science.<\/li>\n\n\n\n<li>the mediation of potential cooperation partners or cooperation in concrete research projects.<\/li>\n<\/ul>\n<\/div><\/details><\/div>\n\n\n\n<div class=\"wp-block-coblocks-accordion-item\"><details><summary class=\"wp-block-coblocks-accordion-item__title\">\u2b50\u00a0 <strong>AOS Department \"Internationalization\"<\/strong><\/summary><div class=\"wp-block-coblocks-accordion-item__content\">\n<p class=\"wp-block-paragraph\">You would like to learn more about Occupational Science outside of Austria? As an AOS member:<\/p>\n\n\n\n<ul class=\"wp-block-list\">\n<li>you will receive information about occupational science topics on a national and international level.<\/li>\n\n\n\n<li>you can help to promote the Austrian Occupational Science beyond its borders through your contributions.<\/li>\n<\/ul>\n<\/div><\/details><\/div>\n\n\n\n<div class=\"wp-block-coblocks-accordion-item\"><details><summary class=\"wp-block-coblocks-accordion-item__title\">\u2b50 \u00a0<strong>AOS-Event Department<\/strong><\/summary><div class=\"wp-block-coblocks-accordion-item__content\">\n<p class=\"wp-block-paragraph\">As an AOS member, you can participate in exclusive events, such as the annual O'Science Day. You will receive specific inputs on occupational science from (inter)national experts and have the opportunity to expand your personal network and become part of this community.<\/p>\n<\/div><\/details><\/div>\n<\/div>","protected":false},"excerpt":{"rendered":"<p>Through your AOS-membership, you will contribute to the establishment of Occupational science in Austria and you also benefit from the advantages for AOS-members.<a class=\"more-link\" href=\"https:\/\/austrianoccupationalscience.com\/en\/vorteile-fuer-mitglieder-von-aos\/\">Continue reading <span class=\"screen-reader-text\">&#8222;Vorteile f\u00fcr Mitglieder von AOS&#8220;<\/span><\/a><\/p>","protected":false},"author":188005436,"featured_media":0,"parent":0,"menu_order":0,"comment_status":"closed","ping_status":"closed","template":"","meta":{"_coblocks_attr":"","_coblocks_dimensions":"","_coblocks_responsive_height":"","_coblocks_accordion_ie_support":"","_crdt_document":"","advanced_seo_description":"","jetpack_seo_html_title":"","jetpack_seo_noindex":false,"_EventAllDay":false,"_EventTimezone":"","_EventStartDate":"","_EventEndDate":"","_EventStartDateUTC":"","_EventEndDateUTC":"","_EventShowMap":false,"_EventShowMapLink":false,"_EventURL":"","_EventCost":"","_EventCostDescription":"","_EventCurrencySymbol":"","_EventCurrencyCode":"","_EventCurrencyPosition":"","_EventDateTimeSeparator":"","_EventTimeRangeSeparator":"","_EventOrganizerID":[],"_EventVenueID":[],"_OrganizerEmail":"","_OrganizerPhone":"","_OrganizerWebsite":"","_VenueAddress":"","_VenueCity":"","_VenueCountry":"","_VenueProvince":"","_VenueState":"","_VenueZip":"","_VenuePhone":"","_VenueURL":"","_VenueStateProvince":"","_VenueLat":"","_VenueLng":"","_VenueShowMap":false,"_VenueShowMapLink":false,"footnotes":""},"class_list":["post-1387","page","type-page","status-publish","hentry","entry"],"jetpack_likes_enabled":false,"jetpack_sharing_enabled":true,"jetpack_shortlink":"https:\/\/wp.me\/Pcby3z-mn","jetpack-related-posts":[{"id":1330,"url":"https:\/\/austrianoccupationalscience.com\/en\/referate\/internationalisierung\/","url_meta":{"origin":1387,"position":0},"title":"AOS-Internationalisierungsreferat","author":"Austrian Association of Occupational Science","date":"10. June 2021","format":false,"excerpt":"Aufgaben des AOS-Internationalisierungsreferats:\u00a0 Das Referat\u00a0\u201cInternationalisierung\u201d von AOS\u00a0nimmt mit anderen Gesellschaften und Personen der Handlungswissenschaft im deutschsprachigen und englischsprachen Ausland Kontakt auf, baut Kooperationen aus und informiert diese \u00fcber Entwicklungen\u00a0sowie\u00a0Veranstaltungen\u00a0in\u00a0Bezug zur Handlungswissenschaft in \u00d6sterreich.\u00a0\u00a0Das Referat arbeitet eng mit dem Pr\u00e4sidium und mit dem Medienreferat zusammen.\u00a0\u00a0 Die\u00a0Ziele des AOS-Internationalisierungsreferats f\u00fcr die Amtsperiode\u00a02023-2025\u2026","rel":"","context":"Similar post","block_context":{"text":"Similar post","link":""},"img":{"alt_text":"","src":"","width":0,"height":0},"classes":[]},{"id":1327,"url":"https:\/\/austrianoccupationalscience.com\/en\/referate\/praesidium\/","url_meta":{"origin":1387,"position":1},"title":"AOS Presidium","author":"Austrian Association of Occupational Science","date":"10. June 2021","format":false,"excerpt":"Das Pr\u00e4sidium von AOS greift handlungswissenschaftliche Aktivit\u00e4ten, Initiativen oder Projekte auf und \u00fcberlegt, wie diese im Sinne der AOS-Strategie \u00f6sterreichweit umgesetzt werden k\u00f6nnen.Gleichzeitig koordiniert das Pr\u00e4sidium, welche Aufgaben und Aktivit\u00e4ten von AOS-Mitgliedern \u00fcbernommen werden k\u00f6nnen \u2013 nat\u00fcrlich immer unter Ber\u00fccksichtigung ihrer spezifischen Kompetenzen und Interessen. Aufgaben des AOS-Pr\u00e4sidiums:\u00a0 Management von\u2026","rel":"","context":"Similar post","block_context":{"text":"Similar post","link":""},"img":{"alt_text":"","src":"","width":0,"height":0},"classes":[]},{"id":1333,"url":"https:\/\/austrianoccupationalscience.com\/en\/referate\/schriftfuehrung\/","url_meta":{"origin":1387,"position":2},"title":"AOS-Referat &#8222;Schriftf\u00fchrung&#8220;","author":"Austrian Association of Occupational Science","date":"10. June 2021","format":false,"excerpt":"Das Referat ist f\u00fcr die schriftlichen Angelegenheiten der AOS zust\u00e4ndig, wie z.B. die Dokumentation von internen Sitzungen oder die Weiterleitung von Informationen, diversen Ank\u00fcndigungen und Einladungen. Au\u00dferdem ist dieses Referat die erste Anlaufstelle f\u00fcr die Anliegen der AOS-Mitglieder und leitet diese an die zust\u00e4ndige AOS-Abteilung weiter. Aufgaben des\u00a0AOS-Referats \u201cSchriftf\u00fchrung\u201d:\u00a0 Verfassung\u2026","rel":"","context":"Similar post","block_context":{"text":"Similar post","link":""},"img":{"alt_text":"","src":"","width":0,"height":0},"classes":[]},{"id":1324,"url":"https:\/\/austrianoccupationalscience.com\/en\/referate\/medienreferat\/","url_meta":{"origin":1387,"position":3},"title":"AOS Media Department\u00a0","author":"Austrian Association of Occupational Science","date":"10. June 2021","format":false,"excerpt":"Das AOS-Medienreferat erstellt Beitr\u00e4ge zu Occupational Science in Verbindung mit aktuellen Themen und teilt diese auf den diversen Social Media Plattformen (Instagram, Facebook, LinkedIn, Twitter) sowie der AOS Homepage. Durch diese Beitr\u00e4ge wird ein Verst\u00e4ndnis \u00fcber den Zusammenhang zwischen Handlung, Gesundheit und Wohlbefinden geschaffen. Ergotherapeut:innen und Handlungswissenschaftler:innen werden dadurch auf\u2026","rel":"","context":"Similar post","block_context":{"text":"Similar post","link":""},"img":{"alt_text":"","src":"","width":0,"height":0},"classes":[]},{"id":5628,"url":"https:\/\/austrianoccupationalscience.com\/en\/publikationen-von-aos-austrian-association-of-occupational-science\/","url_meta":{"origin":1387,"position":4},"title":"Publikationen von AOS &#8211; Austrian Association of Occupational Science","author":"Austrian Association of Occupational Science","date":"25. November 2024","format":false,"excerpt":"AOS \u2013 Austrian Association of Occupational Science publiziert regelm\u00e4\u00dfig in verschiedenen Fachzeitschriften. Als Mitglied von AOS kannst Du alle unserer bisher publizierten Artikel lesen! ergotherapie praxis ergotherapie ergopraxis ergoscience Bist Du Mitglied von AOS und m\u00f6chtest einen Artikel als Volltext? Nutze direkt den Button unter dem Artikel Deiner Wahl, um\u2026","rel":"","context":"Similar post","block_context":{"text":"Similar post","link":""},"img":{"alt_text":"","src":"","width":0,"height":0},"classes":[]},{"id":1336,"url":"https:\/\/austrianoccupationalscience.com\/en\/referate\/veranstaltungsreferat\/","url_meta":{"origin":1387,"position":5},"title":"AOS-Event Department","author":"Austrian Association of Occupational Science","date":"10. June 2021","format":false,"excerpt":"Das AOS-Veranstaltungsreferat ist f\u00fcr eine koordinierte Planung und Umsetzung von Veranstaltungen f\u00fcr\u00a0die\u00a0Gesellschaft\u00a0zust\u00e4ndig.\u00a0Dabei dient es als Anlaufstelle\u00a0f\u00fcr\u00a0die Planung, Durchf\u00fchrung und Nachbereitung von Veranstaltungen der Gesellschaft.\u00a0Gemeinsam\u00a0mit den\u00a0organisatorisch verantwortlichen\u00a0Personen verantwortet das AOS-Veranstaltungsreferat\u00a0dadurch\u00a0eine den Bestimmungen entsprechende Planung und Durchf\u00fchrung\u00a0von\u00a0Veranstaltungen.\u00a0\u00a0 Aufgaben\u00a0des AOS-Veranstaltungsreferats:\u00a0\u00a0 Entwicklung eines Veranstaltungsplans f\u00fcr\u00a0AOS\u00a0angelehnt an den Jahreskreislauf\u00a0 Einhaltung von Auflagen und Bestimmungen, die\u2026","rel":"","context":"Similar post","block_context":{"text":"Similar post","link":""},"img":{"alt_text":"","src":"","width":0,"height":0},"classes":[]}],"_links":{"self":[{"href":"https:\/\/austrianoccupationalscience.com\/en\/wp-json\/wp\/v2\/pages\/1387","targetHints":{"allow":["GET"]}}],"collection":[{"href":"https:\/\/austrianoccupationalscience.com\/en\/wp-json\/wp\/v2\/pages"}],"about":[{"href":"https:\/\/austrianoccupationalscience.com\/en\/wp-json\/wp\/v2\/types\/page"}],"author":[{"embeddable":true,"href":"https:\/\/austrianoccupationalscience.com\/en\/wp-json\/wp\/v2\/users\/188005436"}],"replies":[{"embeddable":true,"href":"https:\/\/austrianoccupationalscience.com\/en\/wp-json\/wp\/v2\/comments?post=1387"}],"version-history":[{"count":27,"href":"https:\/\/austrianoccupationalscience.com\/en\/wp-json\/wp\/v2\/pages\/1387\/revisions"}],"predecessor-version":[{"id":4140,"href":"https:\/\/austrianoccupationalscience.com\/en\/wp-json\/wp\/v2\/pages\/1387\/revisions\/4140"}],"wp:attachment":[{"href":"https:\/\/austrianoccupationalscience.com\/en\/wp-json\/wp\/v2\/media?parent=1387"}],"curies":[{"name":"wp","href":"https:\/\/api.w.org\/{rel}","templated":true}]}}