{"id":284,"date":"2020-08-28T13:43:12","date_gmt":"2020-08-28T12:43:12","guid":{"rendered":"http:\/\/austrianoccupationalscience.com\/?page_id=284"},"modified":"2025-05-07T17:04:15","modified_gmt":"2025-05-07T15:04:15","slug":"impressum","status":"publish","type":"page","link":"https:\/\/austrianoccupationalscience.com\/en\/impressum\/","title":{"rendered":"Legal notice"},"content":{"rendered":"<h4 class=\"wp-block-heading\">Media owner<\/h4>\n\n\n\n<p class=\"wp-block-paragraph\">Austrian Association of Occupational Science<br>Holzmeistergasse 7-9\/2\/1<br>A &#8211; 1210 Wien<br><a href=\"mailto:office@austrianoccupationalscience.at\">office@austrianoccupationalscience.at<\/a> <\/p>\n\n\n\n<p class=\"wp-block-paragraph\">IBAN: AT28 5700 0300 5583 8388<br>BIC: HYPTAT22<\/p>\n\n\n\n<h4 class=\"wp-block-heading\">Legal provisions<\/h4>\n\n\n\n<p class=\"wp-block-paragraph\">RIS-Rechtsdatenbank (<a href=\"https:\/\/www.ris.gv.at\">https:\/\/www.ris.gv.at<\/a>)<\/p>\n\n\n\n<h4 class=\"wp-block-heading\">Purpose of the website<\/h4>\n\n\n\n<p class=\"wp-block-paragraph\">The homepage offers information about the Austrian Association of Occupational Science and serves as a network for occupational scientists, occupational therapists and other interested parties to promote occupational science in Austria.<\/p>\n\n\n\n<p class=\"wp-block-paragraph\"><\/p>","protected":false},"excerpt":{"rendered":"<p>Medieninhaberin Austrian Association of Occupational ScienceHolzmeistergasse 7-9\/2\/1A &#8211; 1210 <a href=\"mailto:Wienoffice@austrianoccupationalscience.at\">Wienoffice@austrianoccupationalscience.at<\/a> IBAN: AT28 5700 0300 5583 8388BIC: HYPTAT22 Rechtsvorschriften RIS-Rechtsdatenbank (<a href=\"https:\/\/www.ris.gv.at\" rel=\"nofollow\">https:\/\/www.ris.gv.at<\/a>) Zweck der Website Die Homepage bietet Informationen \u00fcber die Austrian<a class=\"more-link\" href=\"https:\/\/austrianoccupationalscience.com\/en\/impressum\/\">Continue reading <span class=\"screen-reader-text\">&#8222;Impressum&#8220;<\/span><\/a><\/p>","protected":false},"author":188005436,"featured_media":0,"parent":0,"menu_order":0,"comment_status":"closed","ping_status":"closed","template":"","meta":{"_coblocks_attr":"","_coblocks_dimensions":"","_coblocks_responsive_height":"","_coblocks_accordion_ie_support":"","_crdt_document":"","advanced_seo_description":"","jetpack_seo_html_title":"","jetpack_seo_noindex":false,"_EventAllDay":false,"_EventTimezone":"","_EventStartDate":"","_EventEndDate":"","_EventStartDateUTC":"","_EventEndDateUTC":"","_EventShowMap":false,"_EventShowMapLink":false,"_EventURL":"","_EventCost":"","_EventCostDescription":"","_EventCurrencySymbol":"","_EventCurrencyCode":"","_EventCurrencyPosition":"","_EventDateTimeSeparator":"","_EventTimeRangeSeparator":"","_EventOrganizerID":[],"_EventVenueID":[],"_OrganizerEmail":"","_OrganizerPhone":"","_OrganizerWebsite":"","_VenueAddress":"","_VenueCity":"","_VenueCountry":"","_VenueProvince":"","_VenueState":"","_VenueZip":"","_VenuePhone":"","_VenueURL":"","_VenueStateProvince":"","_VenueLat":"","_VenueLng":"","_VenueShowMap":false,"_VenueShowMapLink":false,"footnotes":""},"class_list":["post-284","page","type-page","status-publish","hentry","entry"],"jetpack_likes_enabled":true,"jetpack_sharing_enabled":true,"jetpack_shortlink":"https:\/\/wp.me\/Pcby3z-4A","jetpack-related-posts":[{"id":5628,"url":"https:\/\/austrianoccupationalscience.com\/en\/publikationen-von-aos-austrian-association-of-occupational-science\/","url_meta":{"origin":284,"position":0},"title":"Publikationen von AOS &#8211; Austrian Association of Occupational Science","author":"Austrian Association of Occupational Science","date":"25. November 2024","format":false,"excerpt":"AOS \u2013 Austrian Association of Occupational Science publiziert regelm\u00e4\u00dfig in verschiedenen Fachzeitschriften. Als Mitglied von AOS kannst Du alle unserer bisher publizierten Artikel lesen! ergotherapie praxis ergotherapie ergopraxis ergoscience Bist Du Mitglied von AOS und m\u00f6chtest einen Artikel als Volltext? Nutze direkt den Button unter dem Artikel Deiner Wahl, um\u2026","rel":"","context":"Similar post","block_context":{"text":"Similar post","link":""},"img":{"alt_text":"","src":"","width":0,"height":0},"classes":[]},{"id":1221,"url":"https:\/\/austrianoccupationalscience.com\/en\/oeffentlichkeitsarbeit-staerkt-die-handlungswissenschaft-in-oesterreich\/","url_meta":{"origin":284,"position":1},"title":"\u00d6ffentlichkeitsarbeit &#038; Handlungswissenschaft","author":"Austrian Association of Occupational Science","date":"1. June 2021","format":false,"excerpt":"Wir haben alle Teilnehmer*innen beim O'Science Day gefragt, was ihrer Meinung nach die Handlungswissenschaft in \u00d6sterreich st\u00e4rkt und das Ergebnis ist eindeutig: \u00d6ffentlichkeitsarbeit, Netzwerken und Forschung sind die am H\u00e4ufigsten genannten Themen. Was denkt ihr dazu? Wie k\u00f6nnen wir die Handlungswissenschaft in \u00d6sterreich st\u00e4rken? #AOS \u00a0","rel":"","context":"Similar post","block_context":{"text":"Similar post","link":""},"img":{"alt_text":"","src":"https:\/\/i0.wp.com\/austrianoccupationalscience.com\/wp-content\/uploads\/2020\/10\/microsoftteams-image-e1616945937625.png?fit=1200%2C818&ssl=1&resize=350%2C200","width":350,"height":200,"srcset":"https:\/\/i0.wp.com\/austrianoccupationalscience.com\/wp-content\/uploads\/2020\/10\/microsoftteams-image-e1616945937625.png?fit=1200%2C818&ssl=1&resize=350%2C200 1x, https:\/\/i0.wp.com\/austrianoccupationalscience.com\/wp-content\/uploads\/2020\/10\/microsoftteams-image-e1616945937625.png?fit=1200%2C818&ssl=1&resize=525%2C300 1.5x, https:\/\/i0.wp.com\/austrianoccupationalscience.com\/wp-content\/uploads\/2020\/10\/microsoftteams-image-e1616945937625.png?fit=1200%2C818&ssl=1&resize=700%2C400 2x, https:\/\/i0.wp.com\/austrianoccupationalscience.com\/wp-content\/uploads\/2020\/10\/microsoftteams-image-e1616945937625.png?fit=1200%2C818&ssl=1&resize=1050%2C600 3x"},"classes":[]},{"id":1330,"url":"https:\/\/austrianoccupationalscience.com\/en\/referate\/internationalisierung\/","url_meta":{"origin":284,"position":2},"title":"AOS-Internationalisierungsreferat","author":"Austrian Association of Occupational Science","date":"10. June 2021","format":false,"excerpt":"Aufgaben des AOS-Internationalisierungsreferats:\u00a0 Das Referat\u00a0\u201cInternationalisierung\u201d von AOS\u00a0nimmt mit anderen Gesellschaften und Personen der Handlungswissenschaft im deutschsprachigen und englischsprachen Ausland Kontakt auf, baut Kooperationen aus und informiert diese \u00fcber Entwicklungen\u00a0sowie\u00a0Veranstaltungen\u00a0in\u00a0Bezug zur Handlungswissenschaft in \u00d6sterreich.\u00a0\u00a0Das Referat arbeitet eng mit dem Pr\u00e4sidium und mit dem Medienreferat zusammen.\u00a0\u00a0 Die\u00a0Ziele des AOS-Internationalisierungsreferats f\u00fcr die Amtsperiode\u00a02023-2025\u2026","rel":"","context":"Similar post","block_context":{"text":"Similar post","link":""},"img":{"alt_text":"","src":"","width":0,"height":0},"classes":[]},{"id":1324,"url":"https:\/\/austrianoccupationalscience.com\/en\/referate\/medienreferat\/","url_meta":{"origin":284,"position":3},"title":"AOS Media Department\u00a0","author":"Austrian Association of Occupational Science","date":"10. June 2021","format":false,"excerpt":"Das AOS-Medienreferat erstellt Beitr\u00e4ge zu Occupational Science in Verbindung mit aktuellen Themen und teilt diese auf den diversen Social Media Plattformen (Instagram, Facebook, LinkedIn, Twitter) sowie der AOS Homepage. Durch diese Beitr\u00e4ge wird ein Verst\u00e4ndnis \u00fcber den Zusammenhang zwischen Handlung, Gesundheit und Wohlbefinden geschaffen. Ergotherapeut:innen und Handlungswissenschaftler:innen werden dadurch auf\u2026","rel":"","context":"Similar post","block_context":{"text":"Similar post","link":""},"img":{"alt_text":"","src":"","width":0,"height":0},"classes":[]},{"id":1858,"url":"https:\/\/austrianoccupationalscience.com\/en\/os-connections\/","url_meta":{"origin":284,"position":4},"title":"OS-Connections","author":"Austrian Association of Occupational Science","date":"19. January 2022","format":false,"excerpt":"Als professionsangeh\u00f6rige Personen z\u00e4hlt es zu unseren Aufgaben, uns fortw\u00e4hrend zu vernetzen und so die Entwicklung der Handlungswissenschaft mitzugestalten. Daher ist auch AOS fortlaufend mit anderen OS-Organisationen in Kontakt, um Vernetzung zu leben und zu pflegen. OS-Gesellschaften, mit denen wir u.a. kooperieren sind: Australasian Society of Occupational Scientists (ASOS) ASOS\u2026","rel":"","context":"Similar post","block_context":{"text":"Similar post","link":""},"img":{"alt_text":"","src":"","width":0,"height":0},"classes":[]},{"id":1387,"url":"https:\/\/austrianoccupationalscience.com\/en\/vorteile-fuer-mitglieder-von-aos\/","url_meta":{"origin":284,"position":5},"title":"Benefits for AOS members","author":"Austrian Association of Occupational Science","date":"27. June 2021","format":false,"excerpt":"Durch Deine Mitgliedschaft bei AOS tr\u00e4gst Du nicht nur zur aktiven F\u00f6rderung und Etablierung der Handlungswissenschaft in \u00d6sterreich bei, Du profitiert auch von den Vorteilen der einzelnen AOS-Referate f\u00fcr Mitglieder. Deine Vorteile als AOS-Mitglied in den jeweiligen Referaten sind: \u2b50\u00a0 AOS-Pr\u00e4sidium Du m\u00f6chtest Deine Ideen zur F\u00f6rderung und Etablierung der\u2026","rel":"","context":"Similar post","block_context":{"text":"Similar post","link":""},"img":{"alt_text":"","src":"","width":0,"height":0},"classes":[]}],"_links":{"self":[{"href":"https:\/\/austrianoccupationalscience.com\/en\/wp-json\/wp\/v2\/pages\/284","targetHints":{"allow":["GET"]}}],"collection":[{"href":"https:\/\/austrianoccupationalscience.com\/en\/wp-json\/wp\/v2\/pages"}],"about":[{"href":"https:\/\/austrianoccupationalscience.com\/en\/wp-json\/wp\/v2\/types\/page"}],"author":[{"embeddable":true,"href":"https:\/\/austrianoccupationalscience.com\/en\/wp-json\/wp\/v2\/users\/188005436"}],"replies":[{"embeddable":true,"href":"https:\/\/austrianoccupationalscience.com\/en\/wp-json\/wp\/v2\/comments?post=284"}],"version-history":[{"count":29,"href":"https:\/\/austrianoccupationalscience.com\/en\/wp-json\/wp\/v2\/pages\/284\/revisions"}],"predecessor-version":[{"id":5999,"href":"https:\/\/austrianoccupationalscience.com\/en\/wp-json\/wp\/v2\/pages\/284\/revisions\/5999"}],"wp:attachment":[{"href":"https:\/\/austrianoccupationalscience.com\/en\/wp-json\/wp\/v2\/media?parent=284"}],"curies":[{"name":"wp","href":"https:\/\/api.w.org\/{rel}","templated":true}]}}