{"id":317,"date":"2020-08-28T21:36:08","date_gmt":"2020-08-28T19:36:08","guid":{"rendered":"http:\/\/austrianoccupationalscience.com\/?page_id=317"},"modified":"2020-08-28T23:31:40","modified_gmt":"2020-08-28T21:31:40","slug":"datenschutzerklarung","status":"publish","type":"page","link":"https:\/\/austrianoccupationalscience.com\/en\/datenschutzerklarung\/","title":{"rendered":"Data protection declaration"},"content":{"rendered":"<h4>What data do we process from you?<\/h4>\n<p>When you visit this website, we collect the date, time and IP address of your visit. In addition, we process the data that you enter independently on the website (for example, when logging-on to our newsletter).<\/p>\n<h4>What data processing purposes do we pursue?<\/h4>\n<p>We process your personal data for the following purposes:<\/p>\n<ul>\n<li>to make the website available to you;<\/li>\n<li>to be able to compile anonymised usage statistics;<\/li>\n<li>to be able to detect, investigate and prevent attacks on our website;<\/li>\n<li>to respond to your requests.<\/li>\n<\/ul>\n<h4>On what legal basis do we base the processing?<\/h4>\n<p>The legal basis for the processing of your personal data for the purposes stated in point 2. (i) to (iii), our overriding legitimate interest (pursuant to Art. 6(1)(f) DSGVO), which is to achieve the purposes stated there in each case.<\/p>\n<h4>Do we transfer your personal data?<\/h4>\n<p>For the above-mentioned purposes, we will transmit your personal data to IT service providers (hosting) used by us. In the event of identified attacks on our infrastructure that demonstrably originate from your IP address, we may also transmit your data to the competent (law enforcement) authorities on an ad hoc basis.<\/p>\n<h4>How long will your data be stored?<\/h4>\n<p>We will generally store your data collected during your visit to our website for a period of seven days. Data may be stored longer insofar as this is necessary to prevent detected attacks on our website.<\/p>\n<h4>Which cookies do we use?<\/h4>\n<p>So-called cookies are used on this website. Cookies cannot access, read or modify any other data on your computer.\nWe use the following cookies on this website:\nSession cookie, which is assigned by the content management system we use: This is automatically deleted when you leave our website again.<br \/>\nWir verwenden auf dieser Website folgende Cookies:<br \/>\nSession-Cookie, welches durch das von uns eingesetzte Content Management System vergeben wird: Dieses wird automatisch gel\u00f6scht, wenn Sie unsere Website wieder verlassen.<\/p>\n<h4>What rights do you have regarding your personal data?<\/h4>\n<p>You have the right (subject to applicable law) to, among other things,<\/p>\n<ul>\n<li>to request information about and to check whether and which personal data we have stored about you and to receive copies of this data;<\/li>\n<li>request the correction, amendment or deletion of your personal data that is inaccurate or not processed in accordance with the law;<\/li>\n<li>require us to restrict the processing of your personal data;<\/li>\n<li>object to the processing of your personal data in certain circumstances or withdraw consent previously given for the processing;<\/li>\n<li>request data portability in certain circumstances;<\/li>\n<li>know the identity of third parties to whom your personal data is transferred; and<\/li>\n<li class=\"translation-block\">lodge a complaint with the Austrian Data Protection Authority (<a href=\"http:\/\/www.dsb.gv.at\" target=\"_self\">http:\/\/www.dsb.gv.at<\/a>).<\/li>\n<\/ul>\n<p><strong>Version:<\/strong> 27.08.2020<\/p>","protected":false},"excerpt":{"rendered":"<p>Welche Daten verarbeiten wir von Ihnen? Wenn Sie diese Website besuchen, erheben wir Datum, Uhrzeit und IP-Adresse Ihres \u00a0Besuchs. Dar\u00fcber hinaus verarbeiten wir diejenigen Daten, die Sie eigenst\u00e4ndig auf der<a class=\"more-link\" href=\"https:\/\/austrianoccupationalscience.com\/en\/datenschutzerklarung\/\">Continue reading <span class=\"screen-reader-text\">&#8222;Datenschutzerkl\u00e4rung&#8220;<\/span><\/a><\/p>","protected":false},"author":188005436,"featured_media":0,"parent":0,"menu_order":0,"comment_status":"closed","ping_status":"closed","template":"","meta":{"_coblocks_attr":"","_coblocks_dimensions":"","_coblocks_responsive_height":"","_coblocks_accordion_ie_support":"","_crdt_document":"","advanced_seo_description":"","jetpack_seo_html_title":"","jetpack_seo_noindex":false,"_EventAllDay":false,"_EventTimezone":"","_EventStartDate":"","_EventEndDate":"","_EventStartDateUTC":"","_EventEndDateUTC":"","_EventShowMap":false,"_EventShowMapLink":false,"_EventURL":"","_EventCost":"","_EventCostDescription":"","_EventCurrencySymbol":"","_EventCurrencyCode":"","_EventCurrencyPosition":"","_EventDateTimeSeparator":"","_EventTimeRangeSeparator":"","_EventOrganizerID":[],"_EventVenueID":[],"_OrganizerEmail":"","_OrganizerPhone":"","_OrganizerWebsite":"","_VenueAddress":"","_VenueCity":"","_VenueCountry":"","_VenueProvince":"","_VenueState":"","_VenueZip":"","_VenuePhone":"","_VenueURL":"","_VenueStateProvince":"","_VenueLat":"","_VenueLng":"","_VenueShowMap":false,"_VenueShowMapLink":false,"footnotes":""},"class_list":["post-317","page","type-page","status-publish","hentry","entry"],"jetpack_likes_enabled":true,"jetpack_sharing_enabled":true,"jetpack_shortlink":"https:\/\/wp.me\/Pcby3z-57","jetpack-related-posts":[{"id":319,"url":"https:\/\/austrianoccupationalscience.com\/en\/nutzungsbedingungen\/","url_meta":{"origin":317,"position":0},"title":"Condition of use","author":"Austrian Association of Occupational Science","date":"28. August 2020","format":false,"excerpt":"Haftungsausschluss, Linksetzung Die Austrian Association of Occupational Science ist bestrebt, diese Website aktuell, inhaltlich richtig und vollst\u00e4ndig anzubieten. Dennoch kann ein Auftreten allf\u00e4lliger Fehler trotz sorgf\u00e4ltiger Pr\u00fcfung nicht ausgeschlossen werden. Wir \u00fcbernehmen keine Gew\u00e4hr f\u00fcr die Richtigkeit, Vollst\u00e4ndigkeit und Aktualit\u00e4t der auf dieser Website bereitgestellten Inhalte. Die Haftung f\u00fcr s\u00e4mtliche\u2026","rel":"","context":"Similar post","block_context":{"text":"Similar post","link":""},"img":{"alt_text":"","src":"","width":0,"height":0},"classes":[]},{"id":284,"url":"https:\/\/austrianoccupationalscience.com\/en\/impressum\/","url_meta":{"origin":317,"position":1},"title":"Legal notice","author":"Austrian Association of Occupational Science","date":"28. August 2020","format":false,"excerpt":"Medieninhaberin Austrian Association of Occupational ScienceHolzmeistergasse 7-9\/2\/1A - 1210 Wienoffice@austrianoccupationalscience.at IBAN: AT28 5700 0300 5583 8388BIC: HYPTAT22 Rechtsvorschriften RIS-Rechtsdatenbank (https:\/\/www.ris.gv.at) Zweck der Website Die Homepage bietet Informationen \u00fcber die Austrian Association of Occupational Science und dient zur Vernetzung von Handlungswissenschafter*innen, Ergotherapeut*innen und Interessierten zur F\u00f6rderung der Handlungswissenschaft in \u00d6sterreich.","rel":"","context":"Similar post","block_context":{"text":"Similar post","link":""},"img":{"alt_text":"","src":"","width":0,"height":0},"classes":[]},{"id":3966,"url":"https:\/\/austrianoccupationalscience.com\/en\/interdisziplinaritaet\/websites\/","url_meta":{"origin":317,"position":2},"title":"Websites","author":"Austrian Association of Occupational Science","date":"23. October 2023","format":false,"excerpt":"handlungs:plan Zur Website Alle Beitr\u00e4ge zu Occupational Science von handlungs:plan ISOS Zur Website DGSA - Deutsche Gesellschaft f\u00fcr Soziale Arbeit Zur Website Soziale Arbeit in Kontexten des Alter(n)s in Zeiten der Corona-Pandemie und \u201adanach\u2018? Hier weiterlesen... OSE - Occupational Science Europe Zur Website Ressourcen EUPHA - European Public Health Association\u2026","rel":"","context":"Similar post","block_context":{"text":"Similar post","link":""},"img":{"alt_text":"","src":"https:\/\/i0.wp.com\/austrianoccupationalscience.com\/wp-content\/uploads\/2024\/02\/pexels-pixabay-270408-e1707429710268.jpg?resize=350%2C200&ssl=1","width":350,"height":200,"srcset":"https:\/\/i0.wp.com\/austrianoccupationalscience.com\/wp-content\/uploads\/2024\/02\/pexels-pixabay-270408-e1707429710268.jpg?resize=350%2C200&ssl=1 1x, https:\/\/i0.wp.com\/austrianoccupationalscience.com\/wp-content\/uploads\/2024\/02\/pexels-pixabay-270408-e1707429710268.jpg?resize=525%2C300&ssl=1 1.5x, https:\/\/i0.wp.com\/austrianoccupationalscience.com\/wp-content\/uploads\/2024\/02\/pexels-pixabay-270408-e1707429710268.jpg?resize=700%2C400&ssl=1 2x, https:\/\/i0.wp.com\/austrianoccupationalscience.com\/wp-content\/uploads\/2024\/02\/pexels-pixabay-270408-e1707429710268.jpg?resize=1050%2C600&ssl=1 3x, https:\/\/i0.wp.com\/austrianoccupationalscience.com\/wp-content\/uploads\/2024\/02\/pexels-pixabay-270408-e1707429710268.jpg?resize=1400%2C800&ssl=1 4x"},"classes":[]},{"id":467,"url":"https:\/\/austrianoccupationalscience.com\/en\/mitgliedschaft\/","url_meta":{"origin":317,"position":3},"title":"Membership","author":"Austrian Association of Occupational Science","date":"31. August 2020","format":false,"excerpt":"Wir freuen uns \u00fcber Dein Interesse an einer Mitgliedschaft bei der Austrian Association of Occupational Science. Bitte f\u00fcll zur Beantragung der Mitgliedschaft als Einzelperson oder Institution das Beitrittsformular aus. Arten der Mitgliedschaft\u00a0 Ordentliche Mitglieder\u00a0 Ordentliche Mitglieder sind\u00a0nat\u00fcrliche\u00a0Personen\u00a0jedweden Geschlechts, welche die\u00a0T\u00e4tigkeit der Gesellschaft vor allem durch ihre aktive Beteiligung an der\u2026","rel":"","context":"Similar post","block_context":{"text":"Similar post","link":""},"img":{"alt_text":"","src":"","width":0,"height":0},"classes":[]},{"id":1387,"url":"https:\/\/austrianoccupationalscience.com\/en\/vorteile-fuer-mitglieder-von-aos\/","url_meta":{"origin":317,"position":4},"title":"Benefits for AOS members","author":"Austrian Association of Occupational Science","date":"27. June 2021","format":false,"excerpt":"Durch Deine Mitgliedschaft bei AOS tr\u00e4gst Du nicht nur zur aktiven F\u00f6rderung und Etablierung der Handlungswissenschaft in \u00d6sterreich bei, Du profitiert auch von den Vorteilen der einzelnen AOS-Referate f\u00fcr Mitglieder. Deine Vorteile als AOS-Mitglied in den jeweiligen Referaten sind: \u2b50\u00a0 AOS-Pr\u00e4sidium Du m\u00f6chtest Deine Ideen zur F\u00f6rderung und Etablierung der\u2026","rel":"","context":"Similar post","block_context":{"text":"Similar post","link":""},"img":{"alt_text":"","src":"","width":0,"height":0},"classes":[]},{"id":1327,"url":"https:\/\/austrianoccupationalscience.com\/en\/referate\/praesidium\/","url_meta":{"origin":317,"position":5},"title":"AOS Presidium","author":"Austrian Association of Occupational Science","date":"10. June 2021","format":false,"excerpt":"Das Pr\u00e4sidium von AOS greift handlungswissenschaftliche Aktivit\u00e4ten, Initiativen oder Projekte auf und \u00fcberlegt, wie diese im Sinne der AOS-Strategie \u00f6sterreichweit umgesetzt werden k\u00f6nnen.Gleichzeitig koordiniert das Pr\u00e4sidium, welche Aufgaben und Aktivit\u00e4ten von AOS-Mitgliedern \u00fcbernommen werden k\u00f6nnen \u2013 nat\u00fcrlich immer unter Ber\u00fccksichtigung ihrer spezifischen Kompetenzen und Interessen. Aufgaben des AOS-Pr\u00e4sidiums:\u00a0 Management von\u2026","rel":"","context":"Similar post","block_context":{"text":"Similar post","link":""},"img":{"alt_text":"","src":"","width":0,"height":0},"classes":[]}],"_links":{"self":[{"href":"https:\/\/austrianoccupationalscience.com\/en\/wp-json\/wp\/v2\/pages\/317","targetHints":{"allow":["GET"]}}],"collection":[{"href":"https:\/\/austrianoccupationalscience.com\/en\/wp-json\/wp\/v2\/pages"}],"about":[{"href":"https:\/\/austrianoccupationalscience.com\/en\/wp-json\/wp\/v2\/types\/page"}],"author":[{"embeddable":true,"href":"https:\/\/austrianoccupationalscience.com\/en\/wp-json\/wp\/v2\/users\/188005436"}],"replies":[{"embeddable":true,"href":"https:\/\/austrianoccupationalscience.com\/en\/wp-json\/wp\/v2\/comments?post=317"}],"version-history":[{"count":2,"href":"https:\/\/austrianoccupationalscience.com\/en\/wp-json\/wp\/v2\/pages\/317\/revisions"}],"predecessor-version":[{"id":321,"href":"https:\/\/austrianoccupationalscience.com\/en\/wp-json\/wp\/v2\/pages\/317\/revisions\/321"}],"wp:attachment":[{"href":"https:\/\/austrianoccupationalscience.com\/en\/wp-json\/wp\/v2\/media?parent=317"}],"curies":[{"name":"wp","href":"https:\/\/api.w.org\/{rel}","templated":true}]}}