{"id":319,"date":"2020-08-28T21:41:35","date_gmt":"2020-08-28T19:41:35","guid":{"rendered":"http:\/\/austrianoccupationalscience.com\/?page_id=319"},"modified":"2020-08-30T18:19:55","modified_gmt":"2020-08-30T16:19:55","slug":"nutzungsbedingungen","status":"publish","type":"page","link":"https:\/\/austrianoccupationalscience.com\/en\/nutzungsbedingungen\/","title":{"rendered":"Condition of use"},"content":{"rendered":"<h4>Disclaimer, links<\/h4>\n<p>The Austrian Association of Occupational Science makes every effort to ensure that the material contained in its web site is current, complete and correct. Nevertheless, the occurrence of possible errors cannot be excluded despite careful checking. We do not assume any liability for the accuracy, completeness and topicality of the contents provided on this website. We expressly exclude liability for all content, except in cases of intent or gross negligence. Likewise, we do not assume any liability for the availability of the website. We are also entitled to add to or delete parts of the website or the entire website without prior notice, or to cease publication temporarily or permanently.<\/p>\n<p>Although the links to other websites have been carefully selected, we assume neither responsibility nor liability for the contents linked there. We would like to point out that we have no influence on the design or content of websites to which we link or from which we are linked. We hereby expressly distance ourselves from all content of all pages that is linked to or from our website and in particular do not adopt their content as our own. Should the content of pages to which we have linked contain illegal, immoral, incomplete or offensive information, we will remove these links immediately upon becoming aware of them.<\/p>\n<h4>Copyright<\/h4>\n<p>The contents and objects published on this website are protected by copyright. The rights (in particular copyrights and exploitation rights) thereto are held by the Austrian Association of Occupational Science. Any reproduction, processing, storage or use of such texts, graphics and objects in other electronic or printed publications is not permitted without our express consent. In any case, a reference to the authorship by stating \"Austrian Association of Occupational Science\" as well as a link to this website (www.austrianoccupationalscience.com) must be provided.<\/p>\n<p>Contents and objects may be subject in whole or in part to copyright or other rights of third parties. Brands and trademarks protected by third parties are subject without restriction to the provisions of the respectively valid trademark law and the rights of the respective registered owners.<\/p>\n<h4>Final provisions<\/h4>\n<p>All disputes arising from this User Agreement shall be governed by Austrian law, excluding all conflict of laws rules of private international law.<\/p>\n<p>Should one or more provisions of these Conditions of Use be or become invalid or inapplicable, the remaining provisions shall not lose their validity. Rather, an invalid or inapplicable provision shall be replaced by one that comes closest to the intended purpose of the invalid or inapplicable provision. This also applies to any loopholes in these Conditions of Use.<\/p>\n<p>We reserve the right to make changes to these Conditions of Use, which will be published on this website when they come into force.<\/p>\n<p><strong>Version:<\/strong> 27.08.2020<\/p>","protected":false},"excerpt":{"rendered":"<p>Haftungsausschluss, Linksetzung Die Austrian Association of Occupational Science ist bestrebt, diese Website aktuell, inhaltlich richtig und vollst\u00e4ndig anzubieten. Dennoch kann ein Auftreten allf\u00e4lliger Fehler trotz sorgf\u00e4ltiger Pr\u00fcfung nicht ausgeschlossen werden.<a class=\"more-link\" href=\"https:\/\/austrianoccupationalscience.com\/en\/nutzungsbedingungen\/\">Continue reading <span class=\"screen-reader-text\">&#8222;Nutzungsbedingungen&#8220;<\/span><\/a><\/p>","protected":false},"author":188005436,"featured_media":0,"parent":0,"menu_order":0,"comment_status":"closed","ping_status":"closed","template":"","meta":{"_coblocks_attr":"","_coblocks_dimensions":"","_coblocks_responsive_height":"","_coblocks_accordion_ie_support":"","_crdt_document":"","advanced_seo_description":"","jetpack_seo_html_title":"","jetpack_seo_noindex":false,"_EventAllDay":false,"_EventTimezone":"","_EventStartDate":"","_EventEndDate":"","_EventStartDateUTC":"","_EventEndDateUTC":"","_EventShowMap":false,"_EventShowMapLink":false,"_EventURL":"","_EventCost":"","_EventCostDescription":"","_EventCurrencySymbol":"","_EventCurrencyCode":"","_EventCurrencyPosition":"","_EventDateTimeSeparator":"","_EventTimeRangeSeparator":"","_EventOrganizerID":[],"_EventVenueID":[],"_OrganizerEmail":"","_OrganizerPhone":"","_OrganizerWebsite":"","_VenueAddress":"","_VenueCity":"","_VenueCountry":"","_VenueProvince":"","_VenueState":"","_VenueZip":"","_VenuePhone":"","_VenueURL":"","_VenueStateProvince":"","_VenueLat":"","_VenueLng":"","_VenueShowMap":false,"_VenueShowMapLink":false,"footnotes":""},"class_list":["post-319","page","type-page","status-publish","hentry","entry"],"jetpack_likes_enabled":true,"jetpack_sharing_enabled":true,"jetpack_shortlink":"https:\/\/wp.me\/Pcby3z-59","jetpack-related-posts":[{"id":317,"url":"https:\/\/austrianoccupationalscience.com\/en\/datenschutzerklarung\/","url_meta":{"origin":319,"position":0},"title":"Data protection declaration","author":"Austrian Association of Occupational Science","date":"28. August 2020","format":false,"excerpt":"Welche Daten verarbeiten wir von Ihnen? Wenn Sie diese Website besuchen, erheben wir Datum, Uhrzeit und IP-Adresse Ihres \u00a0Besuchs. Dar\u00fcber hinaus verarbeiten wir diejenigen Daten, die Sie eigenst\u00e4ndig auf der Website eingeben (zum Beispiel bei der Anmeldung zu unserem Newsletter). Welche Zwecke der Datenverarbeitung verfolgen wir? Wir verarbeiten Ihre personenbezogenen\u2026","rel":"","context":"Similar post","block_context":{"text":"Similar post","link":""},"img":{"alt_text":"","src":"","width":0,"height":0},"classes":[]},{"id":3966,"url":"https:\/\/austrianoccupationalscience.com\/en\/interdisziplinaritaet\/websites\/","url_meta":{"origin":319,"position":1},"title":"Websites","author":"Austrian Association of Occupational Science","date":"23. October 2023","format":false,"excerpt":"handlungs:plan Zur Website Alle Beitr\u00e4ge zu Occupational Science von handlungs:plan ISOS Zur Website DGSA - Deutsche Gesellschaft f\u00fcr Soziale Arbeit Zur Website Soziale Arbeit in Kontexten des Alter(n)s in Zeiten der Corona-Pandemie und \u201adanach\u2018? Hier weiterlesen... OSE - Occupational Science Europe Zur Website Ressourcen EUPHA - European Public Health Association\u2026","rel":"","context":"Similar post","block_context":{"text":"Similar post","link":""},"img":{"alt_text":"","src":"https:\/\/i0.wp.com\/austrianoccupationalscience.com\/wp-content\/uploads\/2024\/02\/pexels-pixabay-270408-e1707429710268.jpg?resize=350%2C200&ssl=1","width":350,"height":200,"srcset":"https:\/\/i0.wp.com\/austrianoccupationalscience.com\/wp-content\/uploads\/2024\/02\/pexels-pixabay-270408-e1707429710268.jpg?resize=350%2C200&ssl=1 1x, https:\/\/i0.wp.com\/austrianoccupationalscience.com\/wp-content\/uploads\/2024\/02\/pexels-pixabay-270408-e1707429710268.jpg?resize=525%2C300&ssl=1 1.5x, https:\/\/i0.wp.com\/austrianoccupationalscience.com\/wp-content\/uploads\/2024\/02\/pexels-pixabay-270408-e1707429710268.jpg?resize=700%2C400&ssl=1 2x, https:\/\/i0.wp.com\/austrianoccupationalscience.com\/wp-content\/uploads\/2024\/02\/pexels-pixabay-270408-e1707429710268.jpg?resize=1050%2C600&ssl=1 3x, https:\/\/i0.wp.com\/austrianoccupationalscience.com\/wp-content\/uploads\/2024\/02\/pexels-pixabay-270408-e1707429710268.jpg?resize=1400%2C800&ssl=1 4x"},"classes":[]},{"id":1327,"url":"https:\/\/austrianoccupationalscience.com\/en\/referate\/praesidium\/","url_meta":{"origin":319,"position":2},"title":"AOS Presidium","author":"Austrian Association of Occupational Science","date":"10. June 2021","format":false,"excerpt":"Das Pr\u00e4sidium von AOS greift handlungswissenschaftliche Aktivit\u00e4ten, Initiativen oder Projekte auf und \u00fcberlegt, wie diese im Sinne der AOS-Strategie \u00f6sterreichweit umgesetzt werden k\u00f6nnen.Gleichzeitig koordiniert das Pr\u00e4sidium, welche Aufgaben und Aktivit\u00e4ten von AOS-Mitgliedern \u00fcbernommen werden k\u00f6nnen \u2013 nat\u00fcrlich immer unter Ber\u00fccksichtigung ihrer spezifischen Kompetenzen und Interessen. Aufgaben des AOS-Pr\u00e4sidiums:\u00a0 Management von\u2026","rel":"","context":"Similar post","block_context":{"text":"Similar post","link":""},"img":{"alt_text":"","src":"","width":0,"height":0},"classes":[]},{"id":467,"url":"https:\/\/austrianoccupationalscience.com\/en\/mitgliedschaft\/","url_meta":{"origin":319,"position":3},"title":"Membership","author":"Austrian Association of Occupational Science","date":"31. August 2020","format":false,"excerpt":"Wir freuen uns \u00fcber Dein Interesse an einer Mitgliedschaft bei der Austrian Association of Occupational Science. Bitte f\u00fcll zur Beantragung der Mitgliedschaft als Einzelperson oder Institution das Beitrittsformular aus. Arten der Mitgliedschaft\u00a0 Ordentliche Mitglieder\u00a0 Ordentliche Mitglieder sind\u00a0nat\u00fcrliche\u00a0Personen\u00a0jedweden Geschlechts, welche die\u00a0T\u00e4tigkeit der Gesellschaft vor allem durch ihre aktive Beteiligung an der\u2026","rel":"","context":"Similar post","block_context":{"text":"Similar post","link":""},"img":{"alt_text":"","src":"","width":0,"height":0},"classes":[]},{"id":1096,"url":"https:\/\/austrianoccupationalscience.com\/en\/statuten\/","url_meta":{"origin":319,"position":4},"title":"Statutes","author":"Austrian Association of Occupational Science","date":"28. March 2021","format":false,"excerpt":"Die aktuellen Statuten der \u00d6sterreichischen Gesellschaft f\u00fcr Handlungswissenschaften k\u00f6nnen Sie \u00fcber diesen Link abrufen und einsehen. (Stand: 2023)","rel":"","context":"Similar post","block_context":{"text":"Similar post","link":""},"img":{"alt_text":"","src":"","width":0,"height":0},"classes":[]},{"id":4399,"url":"https:\/\/austrianoccupationalscience.com\/en\/","url_meta":{"origin":319,"position":5},"title":"Startseite","author":"Austrian Association of Occupational Science","date":"7. February 2024","format":false,"excerpt":"Achtung: AOS hat eine neue Kontonummer. Alle Details findet ihr hier. Hier geht's zur Mitgliederbefragung ANSTEHENDE EVENTS AKTUELLE BEITR\u00c4GE Erhalte Benachrichtigungen \u00fcber neue Inhalte direkt per E-Mail! Kontakt \u201eAustrian Association of Occupational Science (AOS)\u201c\u00d6sterreichische Gesellschaft f\u00fcr HandlungswissenschaftHolzmeistergasse 7-9\/2\/1, 1210 Wien, \u00d6sterreich office@austrianoccupationalscience.at austrianoccupationalscience.com Social Media","rel":"","context":"Similar post","block_context":{"text":"Similar post","link":""},"img":{"alt_text":"","src":"https:\/\/i0.wp.com\/austrianoccupationalscience.com\/wp-content\/uploads\/2021\/06\/thumbnail.jpeg?resize=350%2C200&ssl=1","width":350,"height":200,"srcset":"https:\/\/i0.wp.com\/austrianoccupationalscience.com\/wp-content\/uploads\/2021\/06\/thumbnail.jpeg?resize=350%2C200&ssl=1 1x, https:\/\/i0.wp.com\/austrianoccupationalscience.com\/wp-content\/uploads\/2021\/06\/thumbnail.jpeg?resize=525%2C300&ssl=1 1.5x, https:\/\/i0.wp.com\/austrianoccupationalscience.com\/wp-content\/uploads\/2021\/06\/thumbnail.jpeg?resize=700%2C400&ssl=1 2x, https:\/\/i0.wp.com\/austrianoccupationalscience.com\/wp-content\/uploads\/2021\/06\/thumbnail.jpeg?resize=1050%2C600&ssl=1 3x, https:\/\/i0.wp.com\/austrianoccupationalscience.com\/wp-content\/uploads\/2021\/06\/thumbnail.jpeg?resize=1400%2C800&ssl=1 4x"},"classes":[]}],"_links":{"self":[{"href":"https:\/\/austrianoccupationalscience.com\/en\/wp-json\/wp\/v2\/pages\/319","targetHints":{"allow":["GET"]}}],"collection":[{"href":"https:\/\/austrianoccupationalscience.com\/en\/wp-json\/wp\/v2\/pages"}],"about":[{"href":"https:\/\/austrianoccupationalscience.com\/en\/wp-json\/wp\/v2\/types\/page"}],"author":[{"embeddable":true,"href":"https:\/\/austrianoccupationalscience.com\/en\/wp-json\/wp\/v2\/users\/188005436"}],"replies":[{"embeddable":true,"href":"https:\/\/austrianoccupationalscience.com\/en\/wp-json\/wp\/v2\/comments?post=319"}],"version-history":[{"count":4,"href":"https:\/\/austrianoccupationalscience.com\/en\/wp-json\/wp\/v2\/pages\/319\/revisions"}],"predecessor-version":[{"id":348,"href":"https:\/\/austrianoccupationalscience.com\/en\/wp-json\/wp\/v2\/pages\/319\/revisions\/348"}],"wp:attachment":[{"href":"https:\/\/austrianoccupationalscience.com\/en\/wp-json\/wp\/v2\/media?parent=319"}],"curies":[{"name":"wp","href":"https:\/\/api.w.org\/{rel}","templated":true}]}}