{"id":3963,"date":"2023-10-23T11:31:32","date_gmt":"2023-10-23T09:31:32","guid":{"rendered":"https:\/\/austrianoccupationalscience.com\/?page_id=3963"},"modified":"2024-03-26T21:29:04","modified_gmt":"2024-03-26T20:29:04","slug":"youtube","status":"publish","type":"page","link":"https:\/\/austrianoccupationalscience.com\/en\/interdisziplinaritaet\/youtube\/","title":{"rendered":"Youtube"},"content":{"rendered":"<figure class=\"wp-block-image size-large\"><img data-recalc-dims=\"1\" loading=\"lazy\" decoding=\"async\" width=\"750\" height=\"89\" data-attachment-id=\"4583\" data-permalink=\"https:\/\/austrianoccupationalscience.com\/en\/interdisziplinaritaet\/youtube\/pexels-andrea-piacquadio-821948\/\" data-orig-file=\"https:\/\/i0.wp.com\/austrianoccupationalscience.com\/wp-content\/uploads\/2024\/02\/pexels-andrea-piacquadio-821948-e1707429260713.jpg?fit=5899%2C698&amp;ssl=1\" data-orig-size=\"5899,698\" data-comments-opened=\"1\" data-image-meta=\"{&quot;aperture&quot;:&quot;0&quot;,&quot;credit&quot;:&quot;&quot;,&quot;camera&quot;:&quot;&quot;,&quot;caption&quot;:&quot;&quot;,&quot;created_timestamp&quot;:&quot;0&quot;,&quot;copyright&quot;:&quot;&quot;,&quot;focal_length&quot;:&quot;0&quot;,&quot;iso&quot;:&quot;0&quot;,&quot;shutter_speed&quot;:&quot;0&quot;,&quot;title&quot;:&quot;&quot;,&quot;orientation&quot;:&quot;0&quot;}\" data-image-title=\"pexels-andrea-piacquadio-821948\" data-image-description=\"\" data-image-caption=\"\" data-large-file=\"https:\/\/i0.wp.com\/austrianoccupationalscience.com\/wp-content\/uploads\/2024\/02\/pexels-andrea-piacquadio-821948-e1707429260713.jpg?fit=750%2C89&amp;ssl=1\" src=\"https:\/\/i0.wp.com\/austrianoccupationalscience.com\/wp-content\/uploads\/2024\/02\/pexels-andrea-piacquadio-821948-e1707429260713-1024x121.jpg?resize=750%2C89&#038;ssl=1\" alt=\"\" class=\"wp-image-4583\" srcset=\"https:\/\/i0.wp.com\/austrianoccupationalscience.com\/wp-content\/uploads\/2024\/02\/pexels-andrea-piacquadio-821948-e1707429260713.jpg?resize=1024%2C121&amp;ssl=1 1024w, https:\/\/i0.wp.com\/austrianoccupationalscience.com\/wp-content\/uploads\/2024\/02\/pexels-andrea-piacquadio-821948-e1707429260713.jpg?resize=300%2C35&amp;ssl=1 300w, https:\/\/i0.wp.com\/austrianoccupationalscience.com\/wp-content\/uploads\/2024\/02\/pexels-andrea-piacquadio-821948-e1707429260713.jpg?resize=150%2C18&amp;ssl=1 150w, https:\/\/i0.wp.com\/austrianoccupationalscience.com\/wp-content\/uploads\/2024\/02\/pexels-andrea-piacquadio-821948-e1707429260713.jpg?resize=768%2C91&amp;ssl=1 768w, https:\/\/i0.wp.com\/austrianoccupationalscience.com\/wp-content\/uploads\/2024\/02\/pexels-andrea-piacquadio-821948-e1707429260713.jpg?resize=1536%2C182&amp;ssl=1 1536w, https:\/\/i0.wp.com\/austrianoccupationalscience.com\/wp-content\/uploads\/2024\/02\/pexels-andrea-piacquadio-821948-e1707429260713.jpg?resize=2048%2C242&amp;ssl=1 2048w, https:\/\/i0.wp.com\/austrianoccupationalscience.com\/wp-content\/uploads\/2024\/02\/pexels-andrea-piacquadio-821948-e1707429260713.jpg?resize=1200%2C142&amp;ssl=1 1200w, https:\/\/i0.wp.com\/austrianoccupationalscience.com\/wp-content\/uploads\/2024\/02\/pexels-andrea-piacquadio-821948-e1707429260713.jpg?resize=1568%2C186&amp;ssl=1 1568w, https:\/\/i0.wp.com\/austrianoccupationalscience.com\/wp-content\/uploads\/2024\/02\/pexels-andrea-piacquadio-821948-e1707429260713.jpg?w=2250&amp;ssl=1 2250w\" sizes=\"auto, (max-width: 750px) 100vw, 750px\" \/><\/figure>\n\n\n\n<div class=\"wp-block-columns is-layout-flex wp-container-core-columns-is-layout-52275889 wp-block-columns-is-layout-flex\" style=\"padding-top:2.5rem;padding-right:2.5rem;padding-bottom:2.5rem;padding-left:2.5rem\">\n<div class=\"wp-block-column is-layout-flow wp-block-column-is-layout-flow\" style=\"flex-basis:47.5%\">\n<p class=\"wp-block-paragraph\"><strong>OT Dude<\/strong><\/p>\n\n\n\n<div class=\"wp-block-buttons is-layout-flex wp-block-buttons-is-layout-flex\">\n<div class=\"wp-block-button has-custom-width wp-block-button__width-100 has-custom-font-size\" style=\"font-size:13px\"><a class=\"wp-block-button__link has-white-color has-tertiary-background-color has-text-color has-background has-link-color wp-element-button\" href=\"http:\/\/youtube.com\/otdude\" target=\"_blank\" rel=\"noreferrer noopener\">The Official OT Dude\u2122 Channel<\/a><\/div>\n<\/div>\n<\/div>\n\n\n\n<div class=\"wp-block-column has-background is-layout-flow wp-block-column-is-layout-flow\" style=\"background-color:#eaeaea;flex-basis:5%\"><\/div>\n\n\n\n<div class=\"wp-block-column is-vertically-aligned-center is-layout-flow wp-block-column-is-layout-flow\" style=\"flex-basis:47.5%\">\n<figure class=\"wp-block-embed is-type-video is-provider-youtube wp-block-embed-youtube wp-embed-aspect-16-9 wp-has-aspect-ratio\" style=\"margin-top:0;margin-right:var(--wp--preset--spacing--70);margin-bottom:0;margin-left:var(--wp--preset--spacing--70)\"><div class=\"wp-block-embed__wrapper\">\n<span class=\"embed-youtube\" style=\"text-align:center; display: block;\"><iframe loading=\"lazy\" class=\"youtube-player\" width=\"750\" height=\"422\" src=\"https:\/\/www.youtube.com\/embed\/dLE1mB70Du0?version=3&#038;rel=1&#038;showsearch=0&#038;showinfo=1&#038;iv_load_policy=1&#038;fs=1&#038;hl=en-GB&#038;autohide=2&#038;wmode=transparent\" allowfullscreen=\"true\" style=\"border:0;\" sandbox=\"allow-scripts allow-same-origin allow-popups allow-presentation allow-popups-to-escape-sandbox\"><\/iframe><\/span>\n<\/div><figcaption class=\"wp-element-caption\">Occupational Justice with Elisabeth Townsend<\/figcaption><\/figure>\n<\/div>\n<\/div>\n\n\n\n<div class=\"wp-block-columns is-layout-flex wp-container-core-columns-is-layout-52275889 wp-block-columns-is-layout-flex\" style=\"padding-top:2.5rem;padding-right:2.5rem;padding-bottom:2.5rem;padding-left:2.5rem\">\n<div class=\"wp-block-column is-layout-flow wp-block-column-is-layout-flow\" style=\"flex-basis:47.5%\">\n<p class=\"wp-block-paragraph\"><strong><strong>USC Chan Division of Occupational Science and Occupational Therapy<\/strong><\/strong><\/p>\n\n\n\n<div class=\"wp-block-buttons is-layout-flex wp-block-buttons-is-layout-flex\">\n<div class=\"wp-block-button has-custom-width wp-block-button__width-100 has-custom-font-size\" style=\"font-size:13px\"><a class=\"wp-block-button__link has-white-color has-tertiary-background-color has-text-color has-background has-link-color wp-element-button\" href=\"https:\/\/www.youtube.com\/@USCChanOSOT\">LINK TO THE CHANNEL<\/a><\/div>\n<\/div>\n<\/div>\n\n\n\n<div class=\"wp-block-column has-background is-layout-flow wp-block-column-is-layout-flow\" style=\"background-color:#eaeaea;flex-basis:5%\"><\/div>\n\n\n\n<div class=\"wp-block-column is-vertically-aligned-center is-layout-flow wp-block-column-is-layout-flow\" style=\"flex-basis:47.5%\">\n<figure class=\"wp-block-embed is-type-video is-provider-youtube wp-block-embed-youtube wp-embed-aspect-16-9 wp-has-aspect-ratio\" style=\"margin-top:0;margin-right:var(--wp--preset--spacing--70);margin-bottom:0;margin-left:var(--wp--preset--spacing--70)\"><div class=\"wp-block-embed__wrapper\">\n<span class=\"embed-youtube\" style=\"text-align:center; display: block;\"><iframe loading=\"lazy\" class=\"youtube-player\" width=\"750\" height=\"422\" src=\"https:\/\/www.youtube.com\/embed\/wsV5VzlahkA?version=3&#038;rel=1&#038;showsearch=0&#038;showinfo=1&#038;iv_load_policy=1&#038;fs=1&#038;hl=en-GB&#038;autohide=2&#038;wmode=transparent\" allowfullscreen=\"true\" style=\"border:0;\" sandbox=\"allow-scripts allow-same-origin allow-popups allow-presentation allow-popups-to-escape-sandbox\"><\/iframe><\/span>\n<\/div><figcaption class=\"wp-element-caption\">30 Years of USC Occupational Science (Long Cut)<\/figcaption><\/figure>\n<\/div>\n<\/div>","protected":false},"excerpt":{"rendered":"<p>OT Dude USC Chan Division of Occupational Science and Occupational Therapy<\/p>","protected":false},"author":188005436,"featured_media":0,"parent":3938,"menu_order":0,"comment_status":"closed","ping_status":"closed","template":"","meta":{"_coblocks_attr":"","_coblocks_dimensions":"","_coblocks_responsive_height":"","_coblocks_accordion_ie_support":"","_crdt_document":"","advanced_seo_description":"","jetpack_seo_html_title":"","jetpack_seo_noindex":false,"_EventAllDay":false,"_EventTimezone":"","_EventStartDate":"","_EventEndDate":"","_EventStartDateUTC":"","_EventEndDateUTC":"","_EventShowMap":false,"_EventShowMapLink":false,"_EventURL":"","_EventCost":"","_EventCostDescription":"","_EventCurrencySymbol":"","_EventCurrencyCode":"","_EventCurrencyPosition":"","_EventDateTimeSeparator":"","_EventTimeRangeSeparator":"","_EventOrganizerID":[],"_EventVenueID":[],"_OrganizerEmail":"","_OrganizerPhone":"","_OrganizerWebsite":"","_VenueAddress":"","_VenueCity":"","_VenueCountry":"","_VenueProvince":"","_VenueState":"","_VenueZip":"","_VenuePhone":"","_VenueURL":"","_VenueStateProvince":"","_VenueLat":"","_VenueLng":"","_VenueShowMap":false,"_VenueShowMapLink":false,"footnotes":""},"class_list":["post-3963","page","type-page","status-publish","hentry","entry"],"jetpack_likes_enabled":true,"jetpack_sharing_enabled":true,"jetpack_shortlink":"https:\/\/wp.me\/Pcby3z-11V","jetpack-related-posts":[{"id":3951,"url":"https:\/\/austrianoccupationalscience.com\/en\/interdisziplinaritaet\/podcasts\/","url_meta":{"origin":3963,"position":0},"title":"Podcasts","author":"Austrian Association of Occupational Science","date":"23. October 2023","format":false,"excerpt":"Performance Skills Zum Podcast Folge 19 - Der Lockdown innerhalb der Corona-Pandemie aus Sicht der Occupational Science mit Rebecca Lang Engaging Occupational Science Zum Podcast Folge 6 - Multigenerational Panel on Delayed Exposure to OS and its Impact on Their OT Practice Occupied Zum Podcast Folge 163 \u2013 Do we\u2026","rel":"","context":"Similar post","block_context":{"text":"Similar post","link":""},"img":{"alt_text":"","src":"https:\/\/i0.wp.com\/austrianoccupationalscience.com\/wp-content\/uploads\/2024\/02\/pexels-samer-daboul-1212829-e1707428508686.jpg?resize=350%2C200&ssl=1","width":350,"height":200,"srcset":"https:\/\/i0.wp.com\/austrianoccupationalscience.com\/wp-content\/uploads\/2024\/02\/pexels-samer-daboul-1212829-e1707428508686.jpg?resize=350%2C200&ssl=1 1x, https:\/\/i0.wp.com\/austrianoccupationalscience.com\/wp-content\/uploads\/2024\/02\/pexels-samer-daboul-1212829-e1707428508686.jpg?resize=525%2C300&ssl=1 1.5x, https:\/\/i0.wp.com\/austrianoccupationalscience.com\/wp-content\/uploads\/2024\/02\/pexels-samer-daboul-1212829-e1707428508686.jpg?resize=700%2C400&ssl=1 2x"},"classes":[]},{"id":1858,"url":"https:\/\/austrianoccupationalscience.com\/en\/os-connections\/","url_meta":{"origin":3963,"position":1},"title":"OS-Connections","author":"Austrian Association of Occupational Science","date":"19. January 2022","format":false,"excerpt":"Als professionsangeh\u00f6rige Personen z\u00e4hlt es zu unseren Aufgaben, uns fortw\u00e4hrend zu vernetzen und so die Entwicklung der Handlungswissenschaft mitzugestalten. Daher ist auch AOS fortlaufend mit anderen OS-Organisationen in Kontakt, um Vernetzung zu leben und zu pflegen. OS-Gesellschaften, mit denen wir u.a. kooperieren sind: Australasian Society of Occupational Scientists (ASOS) ASOS\u2026","rel":"","context":"Similar post","block_context":{"text":"Similar post","link":""},"img":{"alt_text":"","src":"","width":0,"height":0},"classes":[]}],"_links":{"self":[{"href":"https:\/\/austrianoccupationalscience.com\/en\/wp-json\/wp\/v2\/pages\/3963","targetHints":{"allow":["GET"]}}],"collection":[{"href":"https:\/\/austrianoccupationalscience.com\/en\/wp-json\/wp\/v2\/pages"}],"about":[{"href":"https:\/\/austrianoccupationalscience.com\/en\/wp-json\/wp\/v2\/types\/page"}],"author":[{"embeddable":true,"href":"https:\/\/austrianoccupationalscience.com\/en\/wp-json\/wp\/v2\/users\/188005436"}],"replies":[{"embeddable":true,"href":"https:\/\/austrianoccupationalscience.com\/en\/wp-json\/wp\/v2\/comments?post=3963"}],"version-history":[{"count":12,"href":"https:\/\/austrianoccupationalscience.com\/en\/wp-json\/wp\/v2\/pages\/3963\/revisions"}],"predecessor-version":[{"id":5188,"href":"https:\/\/austrianoccupationalscience.com\/en\/wp-json\/wp\/v2\/pages\/3963\/revisions\/5188"}],"up":[{"embeddable":true,"href":"https:\/\/austrianoccupationalscience.com\/en\/wp-json\/wp\/v2\/pages\/3938"}],"wp:attachment":[{"href":"https:\/\/austrianoccupationalscience.com\/en\/wp-json\/wp\/v2\/media?parent=3963"}],"curies":[{"name":"wp","href":"https:\/\/api.w.org\/{rel}","templated":true}]}}