{"id":3966,"date":"2023-10-23T11:31:45","date_gmt":"2023-10-23T09:31:45","guid":{"rendered":"https:\/\/austrianoccupationalscience.com\/?page_id=3966"},"modified":"2024-02-08T23:01:58","modified_gmt":"2024-02-08T22:01:58","slug":"websites","status":"publish","type":"page","link":"https:\/\/austrianoccupationalscience.com\/en\/interdisziplinaritaet\/websites\/","title":{"rendered":"Websites"},"content":{"rendered":"<figure class=\"wp-block-image size-large\"><img data-recalc-dims=\"1\" loading=\"lazy\" decoding=\"async\" width=\"750\" height=\"89\" data-attachment-id=\"4595\" data-permalink=\"https:\/\/austrianoccupationalscience.com\/en\/interdisziplinaritaet\/websites\/pexels-pixabay-270408\/\" data-orig-file=\"https:\/\/i0.wp.com\/austrianoccupationalscience.com\/wp-content\/uploads\/2024\/02\/pexels-pixabay-270408-e1707429710268.jpg?fit=3088%2C365&amp;ssl=1\" data-orig-size=\"3088,365\" data-comments-opened=\"1\" data-image-meta=\"{&quot;aperture&quot;:&quot;0&quot;,&quot;credit&quot;:&quot;&quot;,&quot;camera&quot;:&quot;&quot;,&quot;caption&quot;:&quot;&quot;,&quot;created_timestamp&quot;:&quot;0&quot;,&quot;copyright&quot;:&quot;&quot;,&quot;focal_length&quot;:&quot;0&quot;,&quot;iso&quot;:&quot;0&quot;,&quot;shutter_speed&quot;:&quot;0&quot;,&quot;title&quot;:&quot;&quot;,&quot;orientation&quot;:&quot;0&quot;}\" data-image-title=\"pexels-pixabay-270408\" data-image-description=\"\" data-image-caption=\"\" data-large-file=\"https:\/\/i0.wp.com\/austrianoccupationalscience.com\/wp-content\/uploads\/2024\/02\/pexels-pixabay-270408-e1707429710268.jpg?fit=750%2C89&amp;ssl=1\" src=\"https:\/\/i0.wp.com\/austrianoccupationalscience.com\/wp-content\/uploads\/2024\/02\/pexels-pixabay-270408-e1707429710268-1024x121.jpg?resize=750%2C89&#038;ssl=1\" alt=\"\" class=\"wp-image-4595\" srcset=\"https:\/\/i0.wp.com\/austrianoccupationalscience.com\/wp-content\/uploads\/2024\/02\/pexels-pixabay-270408-e1707429710268.jpg?resize=1024%2C121&amp;ssl=1 1024w, https:\/\/i0.wp.com\/austrianoccupationalscience.com\/wp-content\/uploads\/2024\/02\/pexels-pixabay-270408-e1707429710268.jpg?resize=300%2C35&amp;ssl=1 300w, https:\/\/i0.wp.com\/austrianoccupationalscience.com\/wp-content\/uploads\/2024\/02\/pexels-pixabay-270408-e1707429710268.jpg?resize=150%2C18&amp;ssl=1 150w, https:\/\/i0.wp.com\/austrianoccupationalscience.com\/wp-content\/uploads\/2024\/02\/pexels-pixabay-270408-e1707429710268.jpg?resize=768%2C91&amp;ssl=1 768w, https:\/\/i0.wp.com\/austrianoccupationalscience.com\/wp-content\/uploads\/2024\/02\/pexels-pixabay-270408-e1707429710268.jpg?resize=1536%2C182&amp;ssl=1 1536w, https:\/\/i0.wp.com\/austrianoccupationalscience.com\/wp-content\/uploads\/2024\/02\/pexels-pixabay-270408-e1707429710268.jpg?resize=2048%2C242&amp;ssl=1 2048w, https:\/\/i0.wp.com\/austrianoccupationalscience.com\/wp-content\/uploads\/2024\/02\/pexels-pixabay-270408-e1707429710268.jpg?resize=1200%2C142&amp;ssl=1 1200w, https:\/\/i0.wp.com\/austrianoccupationalscience.com\/wp-content\/uploads\/2024\/02\/pexels-pixabay-270408-e1707429710268.jpg?resize=1568%2C185&amp;ssl=1 1568w, https:\/\/i0.wp.com\/austrianoccupationalscience.com\/wp-content\/uploads\/2024\/02\/pexels-pixabay-270408-e1707429710268.jpg?w=2250&amp;ssl=1 2250w\" sizes=\"auto, (max-width: 750px) 100vw, 750px\" \/><\/figure>\n\n\n\n<div class=\"wp-block-columns is-layout-flex wp-container-core-columns-is-layout-52275889 wp-block-columns-is-layout-flex\" style=\"padding-top:2.5rem;padding-right:2.5rem;padding-bottom:2.5rem;padding-left:2.5rem\">\n<div class=\"wp-block-column is-layout-flow wp-block-column-is-layout-flow\" style=\"flex-basis:50%\">\n<p class=\"wp-block-paragraph\"><strong>handlungs:plan<\/strong><\/p>\n\n\n\n<div class=\"wp-block-buttons is-layout-flex wp-block-buttons-is-layout-flex\">\n<div class=\"wp-block-button has-custom-width wp-block-button__width-100 has-custom-font-size\" style=\"font-size:13px\"><a class=\"wp-block-button__link has-white-color has-tertiary-background-color has-text-color has-background has-link-color wp-element-button\" href=\"https:\/\/www.handlungsplan.net\/\" target=\"_blank\" rel=\"noreferrer noopener\">Zur Website<\/a><\/div>\n<\/div>\n<\/div>\n\n\n\n<div class=\"wp-block-column has-background is-layout-flow wp-block-column-is-layout-flow\" style=\"background-color:#eaeaea;flex-basis:5%\"><\/div>\n\n\n\n<div class=\"wp-block-column is-vertically-aligned-center is-layout-flow wp-block-column-is-layout-flow\" style=\"flex-basis:45%\">\n<p class=\"wp-block-paragraph\"><a href=\"https:\/\/www.handlungsplan.net\/tag\/occupational-science\/\" target=\"_blank\" rel=\"noreferrer noopener\">All Ressources<\/a> related to Occupational Science at handlungs:plan<\/p>\n<\/div>\n<\/div>\n\n\n\n<div class=\"wp-block-columns is-layout-flex wp-container-core-columns-is-layout-52275889 wp-block-columns-is-layout-flex\" style=\"padding-top:2.5rem;padding-right:2.5rem;padding-bottom:2.5rem;padding-left:2.5rem\">\n<div class=\"wp-block-column is-layout-flow wp-block-column-is-layout-flow\" style=\"flex-basis:50%\">\n<p class=\"wp-block-paragraph\"><strong>ISOS<\/strong><\/p>\n\n\n\n<div class=\"wp-block-buttons is-layout-flex wp-block-buttons-is-layout-flex\">\n<div class=\"wp-block-button has-custom-width wp-block-button__width-100 has-custom-font-size\" style=\"font-size:13px\"><a class=\"wp-block-button__link has-white-color has-tertiary-background-color has-text-color has-background has-link-color wp-element-button\" href=\"https:\/\/www.international-society-for-occupational-science.org\/\" target=\"_blank\" rel=\"noreferrer noopener\">Zur Website<\/a><\/div>\n<\/div>\n<\/div>\n\n\n\n<div class=\"wp-block-column has-background is-layout-flow wp-block-column-is-layout-flow\" style=\"background-color:#eaeaea;flex-basis:5%\"><\/div>\n\n\n\n<div class=\"wp-block-column is-vertically-aligned-center is-layout-flow wp-block-column-is-layout-flow\" style=\"flex-basis:45%\"><div class=\"wp-block-coblocks-social wp-block-coblocks-social-profiles\"><ul><li><a href=\"https:\/\/www.facebook.com\/InternationalSocietyForOccupationalScience\" title=\"Facebook\" class=\"wp-block-button__link wp-block-coblocks-social__button wp-block-coblocks-social__button--facebook has-padding\" style=\"border-radius:30px\"><span class=\"wp-block-coblocks-social__icon\"><\/span><span class=\"wp-block-coblocks-social__text\">Facebook<\/span><\/a><\/li><li><a href=\"https:\/\/twitter.com\/ISOccSci\" title=\"Twitter\" class=\"wp-block-button__link wp-block-coblocks-social__button wp-block-coblocks-social__button--twitter has-padding\" style=\"border-radius:30px\"><span class=\"wp-block-coblocks-social__icon\"><\/span><span class=\"wp-block-coblocks-social__text\">Twitter<\/span><\/a><\/li><li><a href=\"https:\/\/www.instagram.com\/isoccscience\/?igshid=YmMyMTA2M2Y%3D\" title=\"Instagram\" class=\"wp-block-button__link wp-block-coblocks-social__button wp-block-coblocks-social__button--instagram has-padding\" style=\"border-radius:30px\"><span class=\"wp-block-coblocks-social__icon\"><\/span><span class=\"wp-block-coblocks-social__text\">Instagram<\/span><\/a><\/li><li><a href=\"https:\/\/www.youtube.com\/channel\/UCXr2wpArN5gP_3cwsKsQMwQ\" title=\"YouTube\" class=\"wp-block-button__link wp-block-coblocks-social__button wp-block-coblocks-social__button--youtube has-padding\" style=\"border-radius:30px\"><span class=\"wp-block-coblocks-social__icon\"><\/span><span class=\"wp-block-coblocks-social__text\">YouTube<\/span><\/a><\/li><\/ul><\/div><\/div>\n<\/div>\n\n\n\n<div class=\"wp-block-columns is-layout-flex wp-container-core-columns-is-layout-52275889 wp-block-columns-is-layout-flex\" style=\"padding-top:2.5rem;padding-right:2.5rem;padding-bottom:2.5rem;padding-left:2.5rem\">\n<div class=\"wp-block-column is-layout-flow wp-block-column-is-layout-flow\" style=\"flex-basis:50%\">\n<p class=\"wp-block-paragraph\"><strong>DGSA &#8211; Deutsche Gesellschaft f\u00fcr Soziale Arbeit<\/strong><\/p>\n\n\n\n<div class=\"wp-block-buttons is-layout-flex wp-block-buttons-is-layout-flex\">\n<div class=\"wp-block-button has-custom-width wp-block-button__width-100 has-custom-font-size\" style=\"font-size:13px\"><a class=\"wp-block-button__link has-white-color has-tertiary-background-color has-text-color has-background has-link-color wp-element-button\" href=\"https:\/\/www.blog.dgsa.de\/die-dgsa\" target=\"_blank\" rel=\"noreferrer noopener\">Zur Website<\/a><\/div>\n<\/div>\n<\/div>\n\n\n\n<div class=\"wp-block-column has-background is-layout-flow wp-block-column-is-layout-flow\" style=\"background-color:#eaeaea;flex-basis:5%\"><\/div>\n\n\n\n<div class=\"wp-block-column is-vertically-aligned-center is-layout-flow wp-block-column-is-layout-flow\" style=\"flex-basis:45%\">\n<p class=\"wp-block-paragraph\">Social work in the context of age(ing) in times of the corona pandemic and 'afterwards'? (german) <br><a href=\"https:\/\/www.blog.dgsa.de\/soziale-arbeit-in-kontexten-des-alter-n-s-in-zeiten-der-corona-pandemie-und-danach\">Read more...<\/a><\/p>\n<\/div>\n<\/div>\n\n\n\n<div class=\"wp-block-columns is-layout-flex wp-container-core-columns-is-layout-52275889 wp-block-columns-is-layout-flex\" style=\"padding-top:2.5rem;padding-right:2.5rem;padding-bottom:2.5rem;padding-left:2.5rem\">\n<div class=\"wp-block-column is-layout-flow wp-block-column-is-layout-flow\" style=\"flex-basis:50%\">\n<p class=\"wp-block-paragraph\"><strong>OSE &#8211; Occupational Science Europe<\/strong><\/p>\n\n\n\n<div class=\"wp-block-buttons is-layout-flex wp-block-buttons-is-layout-flex\">\n<div class=\"wp-block-button has-custom-width wp-block-button__width-100 has-custom-font-size\" style=\"font-size:13px\"><a class=\"wp-block-button__link has-white-color has-tertiary-background-color has-text-color has-background has-link-color wp-element-button\" href=\"https:\/\/os-europe.org\/\" target=\"_blank\" rel=\"noreferrer noopener\">Zur Website<\/a><\/div>\n<\/div>\n<\/div>\n\n\n\n<div class=\"wp-block-column has-background is-layout-flow wp-block-column-is-layout-flow\" style=\"background-color:#eaeaea;flex-basis:5%\"><\/div>\n\n\n\n<div class=\"wp-block-column is-vertically-aligned-center is-layout-flow wp-block-column-is-layout-flow\" style=\"flex-basis:45%\">\n<p class=\"wp-block-paragraph\"><a href=\"https:\/\/os-europe.org\/ose-resources\/\">Ressources<\/a><\/p>\n<\/div>\n<\/div>\n\n\n\n<div class=\"wp-block-columns is-layout-flex wp-container-core-columns-is-layout-52275889 wp-block-columns-is-layout-flex\" style=\"padding-top:2.5rem;padding-right:2.5rem;padding-bottom:2.5rem;padding-left:2.5rem\">\n<div class=\"wp-block-column is-layout-flow wp-block-column-is-layout-flow\" style=\"flex-basis:50%\">\n<p class=\"wp-block-paragraph\"><strong>EUPHA &#8211; European Public Health Association<\/strong><\/p>\n\n\n\n<div class=\"wp-block-buttons is-layout-flex wp-block-buttons-is-layout-flex\">\n<div class=\"wp-block-button has-custom-width wp-block-button__width-100 has-custom-font-size\" style=\"font-size:13px\"><a class=\"wp-block-button__link has-white-color has-tertiary-background-color has-text-color has-background has-link-color wp-element-button\" href=\"https:\/\/eupha.org\/\">Zur Website<\/a><\/div>\n<\/div>\n<\/div>\n\n\n\n<div class=\"wp-block-column has-background is-layout-flow wp-block-column-is-layout-flow\" style=\"background-color:#eaeaea;flex-basis:5%\"><\/div>\n\n\n\n<div class=\"wp-block-column is-vertically-aligned-center is-layout-flow wp-block-column-is-layout-flow\" style=\"flex-basis:45%\"><div class=\"wp-block-coblocks-social wp-block-coblocks-social-profiles is-style-icon has-button-size-med\"><ul><li><a href=\"https:\/\/www.facebook.com\/EUPHActs\" title=\"Facebook\" class=\"wp-block-button__link wp-block-coblocks-social__button wp-block-coblocks-social__button--facebook has-padding\" style=\"border-radius:40px\"><span class=\"wp-block-coblocks-social__icon\"><\/span><span class=\"wp-block-coblocks-social__text\">Facebook<\/span><\/a><\/li><li><a href=\"https:\/\/twitter.com\/EUPHActs\" title=\"Twitter\" class=\"wp-block-button__link wp-block-coblocks-social__button wp-block-coblocks-social__button--twitter has-padding\" style=\"border-radius:40px\"><span class=\"wp-block-coblocks-social__icon\"><\/span><span class=\"wp-block-coblocks-social__text\">Twitter<\/span><\/a><\/li><li><a href=\"https:\/\/www.linkedin.com\/company\/eupha\" title=\"Linkedin\" class=\"wp-block-button__link wp-block-coblocks-social__button wp-block-coblocks-social__button--linkedin has-padding\" style=\"border-radius:40px\"><span class=\"wp-block-coblocks-social__icon\"><\/span><span class=\"wp-block-coblocks-social__text\">Linkedin<\/span><\/a><\/li><li><a href=\"https:\/\/www.youtube.com\/channel\/UCK4BSo7zWFafPWd_AoacvPg\" title=\"YouTube\" class=\"wp-block-button__link wp-block-coblocks-social__button wp-block-coblocks-social__button--youtube has-padding\" style=\"border-radius:40px\"><span class=\"wp-block-coblocks-social__icon\"><\/span><span class=\"wp-block-coblocks-social__text\">YouTube<\/span><\/a><\/li><\/ul><\/div><\/div>\n<\/div>\n\n\n\n<div class=\"wp-block-columns is-layout-flex wp-container-core-columns-is-layout-52275889 wp-block-columns-is-layout-flex\" style=\"padding-top:2.5rem;padding-right:2.5rem;padding-bottom:2.5rem;padding-left:2.5rem\">\n<div class=\"wp-block-column is-layout-flow wp-block-column-is-layout-flow\" style=\"flex-basis:50%\">\n<p class=\"wp-block-paragraph\"><strong>CSOS &#8211; Canadian Society of Occupational Scientists<\/strong><\/p>\n\n\n\n<div class=\"wp-block-buttons is-layout-flex wp-block-buttons-is-layout-flex\">\n<div class=\"wp-block-button has-custom-width wp-block-button__width-100 has-custom-font-size\" style=\"font-size:13px\"><a class=\"wp-block-button__link has-white-color has-tertiary-background-color has-text-color has-background has-link-color wp-element-button\" href=\"https:\/\/www.csoscanada.org\/\">Zur Website<\/a><\/div>\n<\/div>\n<\/div>\n\n\n\n<div class=\"wp-block-column has-background is-layout-flow wp-block-column-is-layout-flow\" style=\"background-color:#eaeaea;flex-basis:5%\"><\/div>\n\n\n\n<div class=\"wp-block-column is-vertically-aligned-center is-layout-flow wp-block-column-is-layout-flow\" style=\"flex-basis:45%\"><div class=\"wp-block-coblocks-social wp-block-coblocks-social-profiles is-style-icon has-button-size-med\"><ul><li><a href=\"https:\/\/twitter.com\/CSOSCanada\" title=\"Twitter\" class=\"wp-block-button__link wp-block-coblocks-social__button wp-block-coblocks-social__button--twitter has-padding\" style=\"border-radius:40px\"><span class=\"wp-block-coblocks-social__icon\"><\/span><span class=\"wp-block-coblocks-social__text\">Twitter<\/span><\/a><\/li><li><a href=\"https:\/\/www.instagram.com\/csoscanada\/\" title=\"Instagram\" class=\"wp-block-button__link wp-block-coblocks-social__button wp-block-coblocks-social__button--instagram has-padding\" style=\"border-radius:40px\"><span class=\"wp-block-coblocks-social__icon\"><\/span><span class=\"wp-block-coblocks-social__text\">Instagram<\/span><\/a><\/li><\/ul><\/div><\/div>\n<\/div>","protected":false},"excerpt":{"rendered":"<p>handlungs:plan Alle Beitr\u00e4ge zu Occupational Science von handlungs:plan ISOS DGSA &#8211; Deutsche Gesellschaft f\u00fcr Soziale Arbeit Soziale Arbeit in Kontexten des Alter(n)s in Zeiten der Corona-Pandemie und \u201adanach\u2018? Hier weiterlesen&#8230;<a class=\"more-link\" href=\"https:\/\/austrianoccupationalscience.com\/en\/interdisziplinaritaet\/websites\/\">Continue reading <span class=\"screen-reader-text\">&#8222;Websites&#8220;<\/span><\/a><\/p>","protected":false},"author":188005436,"featured_media":0,"parent":3938,"menu_order":0,"comment_status":"closed","ping_status":"closed","template":"","meta":{"_coblocks_attr":"","_coblocks_dimensions":"","_coblocks_responsive_height":"","_coblocks_accordion_ie_support":"","_crdt_document":"","advanced_seo_description":"","jetpack_seo_html_title":"","jetpack_seo_noindex":false,"_EventAllDay":false,"_EventTimezone":"","_EventStartDate":"","_EventEndDate":"","_EventStartDateUTC":"","_EventEndDateUTC":"","_EventShowMap":false,"_EventShowMapLink":false,"_EventURL":"","_EventCost":"","_EventCostDescription":"","_EventCurrencySymbol":"","_EventCurrencyCode":"","_EventCurrencyPosition":"","_EventDateTimeSeparator":"","_EventTimeRangeSeparator":"","_EventOrganizerID":[],"_EventVenueID":[],"_OrganizerEmail":"","_OrganizerPhone":"","_OrganizerWebsite":"","_VenueAddress":"","_VenueCity":"","_VenueCountry":"","_VenueProvince":"","_VenueState":"","_VenueZip":"","_VenuePhone":"","_VenueURL":"","_VenueStateProvince":"","_VenueLat":"","_VenueLng":"","_VenueShowMap":false,"_VenueShowMapLink":false,"footnotes":""},"class_list":["post-3966","page","type-page","status-publish","hentry","entry"],"jetpack_likes_enabled":true,"jetpack_sharing_enabled":true,"jetpack_shortlink":"https:\/\/wp.me\/Pcby3z-11Y","jetpack-related-posts":[{"id":284,"url":"https:\/\/austrianoccupationalscience.com\/en\/impressum\/","url_meta":{"origin":3966,"position":0},"title":"Legal notice","author":"Austrian Association of Occupational Science","date":"28. August 2020","format":false,"excerpt":"Medieninhaberin Austrian Association of Occupational ScienceHolzmeistergasse 7-9\/2\/1A - 1210 Wienoffice@austrianoccupationalscience.at IBAN: AT28 5700 0300 5583 8388BIC: HYPTAT22 Rechtsvorschriften RIS-Rechtsdatenbank (https:\/\/www.ris.gv.at) Zweck der Website Die Homepage bietet Informationen \u00fcber die Austrian Association of Occupational Science und dient zur Vernetzung von Handlungswissenschafter*innen, Ergotherapeut*innen und Interessierten zur F\u00f6rderung der Handlungswissenschaft in \u00d6sterreich.","rel":"","context":"Similar post","block_context":{"text":"Similar post","link":""},"img":{"alt_text":"","src":"","width":0,"height":0},"classes":[]},{"id":5628,"url":"https:\/\/austrianoccupationalscience.com\/en\/publikationen-von-aos-austrian-association-of-occupational-science\/","url_meta":{"origin":3966,"position":1},"title":"Publikationen von AOS &#8211; Austrian Association of Occupational Science","author":"Austrian Association of Occupational Science","date":"25. November 2024","format":false,"excerpt":"AOS \u2013 Austrian Association of Occupational Science publiziert regelm\u00e4\u00dfig in verschiedenen Fachzeitschriften. Als Mitglied von AOS kannst Du alle unserer bisher publizierten Artikel lesen! ergotherapie praxis ergotherapie ergopraxis ergoscience Bist Du Mitglied von AOS und m\u00f6chtest einen Artikel als Volltext? Nutze direkt den Button unter dem Artikel Deiner Wahl, um\u2026","rel":"","context":"Similar post","block_context":{"text":"Similar post","link":""},"img":{"alt_text":"","src":"","width":0,"height":0},"classes":[]},{"id":1336,"url":"https:\/\/austrianoccupationalscience.com\/en\/referate\/veranstaltungsreferat\/","url_meta":{"origin":3966,"position":2},"title":"AOS-Event Department","author":"Austrian Association of Occupational Science","date":"10. June 2021","format":false,"excerpt":"Das AOS-Veranstaltungsreferat ist f\u00fcr eine koordinierte Planung und Umsetzung von Veranstaltungen f\u00fcr\u00a0die\u00a0Gesellschaft\u00a0zust\u00e4ndig.\u00a0Dabei dient es als Anlaufstelle\u00a0f\u00fcr\u00a0die Planung, Durchf\u00fchrung und Nachbereitung von Veranstaltungen der Gesellschaft.\u00a0Gemeinsam\u00a0mit den\u00a0organisatorisch verantwortlichen\u00a0Personen verantwortet das AOS-Veranstaltungsreferat\u00a0dadurch\u00a0eine den Bestimmungen entsprechende Planung und Durchf\u00fchrung\u00a0von\u00a0Veranstaltungen.\u00a0\u00a0 Aufgaben\u00a0des AOS-Veranstaltungsreferats:\u00a0\u00a0 Entwicklung eines Veranstaltungsplans f\u00fcr\u00a0AOS\u00a0angelehnt an den Jahreskreislauf\u00a0 Einhaltung von Auflagen und Bestimmungen, die\u2026","rel":"","context":"Similar post","block_context":{"text":"Similar post","link":""},"img":{"alt_text":"","src":"","width":0,"height":0},"classes":[]},{"id":1318,"url":"https:\/\/austrianoccupationalscience.com\/en\/referate\/finanzreferat\/","url_meta":{"origin":3966,"position":3},"title":"AOS Finance Department","author":"Austrian Association of Occupational Science","date":"10. June 2021","format":false,"excerpt":"Der Schwerpunkt des Finanzreferats liegt darin, eine Anlaufstelle f\u00fcr alle finanziellen Angelegenheiten zu sein \u2013 f\u00fcr den Vorstand und die Mitglieder sowie f\u00fcr den gesamten Zahlungsverkehr \u2013 und den finanziellen \u00dcberblick zu behalten. Aufgaben des AOS-Finanzreferats:\u00a0 Erstellung\u00a0eines j\u00e4hrlichen\u00a0Budgetplanes\u00a0von AOS\u00a0f\u00fcr das laufende sowie das kommende Vereinsjahr\u00a0 Kostenkontrolle inklusive Kontrolle des vorhandenen\u2026","rel":"","context":"Similar post","block_context":{"text":"Similar post","link":""},"img":{"alt_text":"","src":"","width":0,"height":0},"classes":[]},{"id":1858,"url":"https:\/\/austrianoccupationalscience.com\/en\/os-connections\/","url_meta":{"origin":3966,"position":4},"title":"OS-Connections","author":"Austrian Association of Occupational Science","date":"19. January 2022","format":false,"excerpt":"Als professionsangeh\u00f6rige Personen z\u00e4hlt es zu unseren Aufgaben, uns fortw\u00e4hrend zu vernetzen und so die Entwicklung der Handlungswissenschaft mitzugestalten. Daher ist auch AOS fortlaufend mit anderen OS-Organisationen in Kontakt, um Vernetzung zu leben und zu pflegen. OS-Gesellschaften, mit denen wir u.a. kooperieren sind: Australasian Society of Occupational Scientists (ASOS) ASOS\u2026","rel":"","context":"Similar post","block_context":{"text":"Similar post","link":""},"img":{"alt_text":"","src":"","width":0,"height":0},"classes":[]},{"id":319,"url":"https:\/\/austrianoccupationalscience.com\/en\/nutzungsbedingungen\/","url_meta":{"origin":3966,"position":5},"title":"Condition of use","author":"Austrian Association of Occupational Science","date":"28. August 2020","format":false,"excerpt":"Haftungsausschluss, Linksetzung Die Austrian Association of Occupational Science ist bestrebt, diese Website aktuell, inhaltlich richtig und vollst\u00e4ndig anzubieten. Dennoch kann ein Auftreten allf\u00e4lliger Fehler trotz sorgf\u00e4ltiger Pr\u00fcfung nicht ausgeschlossen werden. Wir \u00fcbernehmen keine Gew\u00e4hr f\u00fcr die Richtigkeit, Vollst\u00e4ndigkeit und Aktualit\u00e4t der auf dieser Website bereitgestellten Inhalte. Die Haftung f\u00fcr s\u00e4mtliche\u2026","rel":"","context":"Similar post","block_context":{"text":"Similar post","link":""},"img":{"alt_text":"","src":"","width":0,"height":0},"classes":[]}],"_links":{"self":[{"href":"https:\/\/austrianoccupationalscience.com\/en\/wp-json\/wp\/v2\/pages\/3966","targetHints":{"allow":["GET"]}}],"collection":[{"href":"https:\/\/austrianoccupationalscience.com\/en\/wp-json\/wp\/v2\/pages"}],"about":[{"href":"https:\/\/austrianoccupationalscience.com\/en\/wp-json\/wp\/v2\/types\/page"}],"author":[{"embeddable":true,"href":"https:\/\/austrianoccupationalscience.com\/en\/wp-json\/wp\/v2\/users\/188005436"}],"replies":[{"embeddable":true,"href":"https:\/\/austrianoccupationalscience.com\/en\/wp-json\/wp\/v2\/comments?post=3966"}],"version-history":[{"count":15,"href":"https:\/\/austrianoccupationalscience.com\/en\/wp-json\/wp\/v2\/pages\/3966\/revisions"}],"predecessor-version":[{"id":4596,"href":"https:\/\/austrianoccupationalscience.com\/en\/wp-json\/wp\/v2\/pages\/3966\/revisions\/4596"}],"up":[{"embeddable":true,"href":"https:\/\/austrianoccupationalscience.com\/en\/wp-json\/wp\/v2\/pages\/3938"}],"wp:attachment":[{"href":"https:\/\/austrianoccupationalscience.com\/en\/wp-json\/wp\/v2\/media?parent=3966"}],"curies":[{"name":"wp","href":"https:\/\/api.w.org\/{rel}","templated":true}]}}